{"id":1070,"date":"2018-03-01T11:56:01","date_gmt":"2018-03-01T11:56:01","guid":{"rendered":"http:\/\/ardopa.unex.es\/wordpress\/?page_id=1070"},"modified":"2018-07-09T09:47:21","modified_gmt":"2018-07-09T09:47:21","slug":"produccion-audiovisual","status":"publish","type":"page","link":"http:\/\/ardopa.unex.es\/wordpress\/servicios\/produccion-audiovisual\/","title":{"rendered":"Producci\u00f3n Audiovisual"},"content":{"rendered":"\t\t<div data-elementor-type=\"wp-post\" data-elementor-id=\"1070\" class=\"elementor elementor-1070 elementor-bc-flex-widget\" data-elementor-settings=\"[]\">\n\t\t\t\t\t\t\t<div class=\"elementor-section-wrap\">\n\t\t\t\t\t\t\t<section class=\"elementor-section elementor-top-section elementor-element elementor-element-35cd98b9 elementor-section-height-min-height elementor-section-content-middle elementor-section-stretched elementor-section-boxed elementor-section-height-default elementor-section-items-middle\" data-id=\"35cd98b9\" data-element_type=\"section\" data-settings=\"{&quot;background_background&quot;:&quot;classic&quot;,&quot;stretch_section&quot;:&quot;section-stretched&quot;}\">\n\t\t\t\t\t\t\t<div class=\"elementor-background-overlay\"><\/div>\n\t\t\t\t\t\t\t<div class=\"elementor-container elementor-column-gap-default\">\n\t\t\t\t\t<div class=\"elementor-column elementor-col-100 elementor-top-column elementor-element elementor-element-77a75b20\" data-id=\"77a75b20\" data-element_type=\"column\">\n\t\t\t<div class=\"elementor-widget-wrap elementor-element-populated\">\n\t\t\t\t\t\t\t\t<div class=\"elementor-element elementor-element-69aba52b elementor-widget elementor-widget-heading\" data-id=\"69aba52b\" data-element_type=\"widget\" data-widget_type=\"heading.default\">\n\t\t\t\t<div class=\"elementor-widget-container\">\n\t\t\t<h3 class=\"elementor-heading-title elementor-size-large\">Producci\u00f3n Audiovisual<\/h3>\t\t<\/div>\n\t\t\t\t<\/div>\n\t\t\t\t<div class=\"elementor-element elementor-element-760ff110 elementor-widget-divider--view-line elementor-widget elementor-widget-divider\" data-id=\"760ff110\" data-element_type=\"widget\" data-widget_type=\"divider.default\">\n\t\t\t\t<div class=\"elementor-widget-container\">\n\t\t\t\t\t<div class=\"elementor-divider\">\n\t\t\t<span class=\"elementor-divider-separator\">\n\t\t\t\t\t\t<\/span>\n\t\t<\/div>\n\t\t\t\t<\/div>\n\t\t\t\t<\/div>\n\t\t\t\t\t<\/div>\n\t\t<\/div>\n\t\t\t\t\t\t\t<\/div>\n\t\t<\/section>\n\t\t\t\t<section class=\"elementor-section elementor-top-section elementor-element elementor-element-77eeb3a5 elementor-section-boxed elementor-section-height-default elementor-section-height-default\" data-id=\"77eeb3a5\" data-element_type=\"section\">\n\t\t\t\t\t\t<div class=\"elementor-container elementor-column-gap-default\">\n\t\t\t\t\t<div class=\"elementor-column elementor-col-100 elementor-top-column elementor-element elementor-element-750d31d0\" data-id=\"750d31d0\" data-element_type=\"column\">\n\t\t\t<div class=\"elementor-widget-wrap elementor-element-populated\">\n\t\t\t\t\t\t\t\t<div class=\"elementor-element elementor-element-3b5bee95 elementor-widget elementor-widget-spacer\" data-id=\"3b5bee95\" data-element_type=\"widget\" data-widget_type=\"spacer.default\">\n\t\t\t\t<div class=\"elementor-widget-container\">\n\t\t\t\t\t<div class=\"elementor-spacer\">\n\t\t\t<div class=\"elementor-spacer-inner\"><\/div>\n\t\t<\/div>\n\t\t\t\t<\/div>\n\t\t\t\t<\/div>\n\t\t\t\t<div class=\"elementor-element elementor-element-4b8db40c elementor-widget elementor-widget-text-editor\" data-id=\"4b8db40c\" data-element_type=\"widget\" data-widget_type=\"text-editor.default\">\n\t\t\t\t<div class=\"elementor-widget-container\">\n\t\t\t\t\t<div class=\"elementor-text-editor elementor-clearfix\"><p>Desarrollo de planes de comunicaci\u00f3n globales ofreciendo cobertura absoluta a cada proyecto con servicios integrales y parciales de producci\u00f3n audiovisual.<\/p><p style=\"text-align: left;\"><strong>SERVICIOS<\/strong><\/p><p style=\"text-align: left;\">-Coberturas audiovisuales<\/p><p style=\"text-align: left;\">-Grabaciones sonoras y podcast<\/p><p style=\"text-align: left;\">-Infograf\u00eda y animaci\u00f3n 2D y 3D<\/p><p style=\"text-align: left;\">-Organizaci\u00f3n y descripci\u00f3n de documentaci\u00f3n audiovisual<\/p><p style=\"text-align: left;\">-Radio-televisi\u00f3n universitaria<\/p><p style=\"text-align: left;\">-Dise\u00f1o gr\u00e1fico y editorial<\/p><p style=\"text-align: left;\">-Confecci\u00f3n de revistas digitales y actas audiovisuales<\/p><p style=\"text-align: left;\">-Dise\u00f1o y confecci\u00f3n de p\u00e1ginas web<\/p><\/div>\n\t\t\t\t<\/div>\n\t\t\t\t<\/div>\n\t\t\t\t\t<\/div>\n\t\t<\/div>\n\t\t\t\t\t\t\t<\/div>\n\t\t<\/section>\n\t\t\t\t<section class=\"elementor-section elementor-top-section elementor-element elementor-element-2296e783 elementor-section-boxed elementor-section-height-default elementor-section-height-default\" data-id=\"2296e783\" data-element_type=\"section\">\n\t\t\t\t\t\t<div class=\"elementor-container elementor-column-gap-default\">\n\t\t\t\t\t<div class=\"elementor-column elementor-col-100 elementor-top-column elementor-element elementor-element-55f0ea3a\" data-id=\"55f0ea3a\" data-element_type=\"column\">\n\t\t\t<div class=\"elementor-widget-wrap elementor-element-populated\">\n\t\t\t\t\t\t\t\t<div class=\"elementor-element elementor-element-4c89e032 elementor-widget elementor-widget-heading\" data-id=\"4c89e032\" data-element_type=\"widget\" data-widget_type=\"heading.default\">\n\t\t\t\t<div class=\"elementor-widget-container\">\n\t\t\t<h3 class=\"elementor-heading-title elementor-size-large\"><a href=\"http:\/\/ardopa.unex.es\/wordpress\/proyectos\/proyectos-no-competitivos\/gestion-documental\/\">\u00daLTIMOS PROYECTOS<\/a><\/h3>\t\t<\/div>\n\t\t\t\t<\/div>\n\t\t\t\t<div class=\"elementor-element elementor-element-564fb9e2 elementor-widget-divider--view-line elementor-widget elementor-widget-divider\" data-id=\"564fb9e2\" data-element_type=\"widget\" data-widget_type=\"divider.default\">\n\t\t\t\t<div class=\"elementor-widget-container\">\n\t\t\t\t\t<div class=\"elementor-divider\">\n\t\t\t<span class=\"elementor-divider-separator\">\n\t\t\t\t\t\t<\/span>\n\t\t<\/div>\n\t\t\t\t<\/div>\n\t\t\t\t<\/div>\n\t\t\t\t\t<\/div>\n\t\t<\/div>\n\t\t\t\t\t\t\t<\/div>\n\t\t<\/section>\n\t\t\t\t<section class=\"elementor-section elementor-top-section elementor-element elementor-element-11b3501e elementor-section-full_width elementor-section-height-default elementor-section-height-default\" data-id=\"11b3501e\" data-element_type=\"section\">\n\t\t\t\t\t\t<div class=\"elementor-container elementor-column-gap-default\">\n\t\t\t\t\t<div class=\"elementor-column elementor-col-20 elementor-top-column elementor-element elementor-element-678b0a26\" data-id=\"678b0a26\" data-element_type=\"column\">\n\t\t\t<div class=\"elementor-widget-wrap elementor-element-populated\">\n\t\t\t\t\t\t\t\t<div class=\"elementor-element elementor-element-42438298 elementor-position-top elementor-vertical-align-top elementor-widget elementor-widget-image-box\" data-id=\"42438298\" data-element_type=\"widget\" data-widget_type=\"image-box.default\">\n\t\t\t\t<div class=\"elementor-widget-container\">\n\t\t\t<div class=\"elementor-image-box-wrapper\"><figure class=\"elementor-image-box-img\"><img width=\"490\" height=\"380\" src=\"http:\/\/ardopa.unex.es\/wordpress\/wp-content\/uploads\/2018\/04\/ayuntamientodebadajoz.png\" class=\"attachment-full size-full\" alt=\"\" loading=\"lazy\" srcset=\"http:\/\/ardopa.unex.es\/wordpress\/wp-content\/uploads\/2018\/04\/ayuntamientodebadajoz.png 490w, http:\/\/ardopa.unex.es\/wordpress\/wp-content\/uploads\/2018\/04\/ayuntamientodebadajoz-300x233.png 300w\" sizes=\"(max-width: 490px) 100vw, 490px\" \/><\/figure><div class=\"elementor-image-box-content\"><h3 class=\"elementor-image-box-title\">Ayuntamiento de Badajoz<\/h3><p class=\"elementor-image-box-description\">Elaboraci\u00f3n de programas informativos radiof\u00f3nicos y audiovisuales<\/p><\/div><\/div>\t\t<\/div>\n\t\t\t\t<\/div>\n\t\t\t\t\t<\/div>\n\t\t<\/div>\n\t\t\t\t<div class=\"elementor-column elementor-col-20 elementor-top-column elementor-element elementor-element-61d39e65\" data-id=\"61d39e65\" data-element_type=\"column\">\n\t\t\t<div class=\"elementor-widget-wrap elementor-element-populated\">\n\t\t\t\t\t\t\t\t<div class=\"elementor-element elementor-element-35f75eff elementor-position-top elementor-vertical-align-top elementor-widget elementor-widget-image-box\" data-id=\"35f75eff\" data-element_type=\"widget\" data-widget_type=\"image-box.default\">\n\t\t\t\t<div class=\"elementor-widget-container\">\n\t\t\t<div class=\"elementor-image-box-wrapper\"><figure class=\"elementor-image-box-img\"><img width=\"490\" height=\"380\" src=\"http:\/\/ardopa.unex.es\/wordpress\/wp-content\/uploads\/2018\/04\/SERVICIODECULTURA.png\" class=\"attachment-full size-full\" alt=\"\" loading=\"lazy\" srcset=\"http:\/\/ardopa.unex.es\/wordpress\/wp-content\/uploads\/2018\/04\/SERVICIODECULTURA.png 490w, http:\/\/ardopa.unex.es\/wordpress\/wp-content\/uploads\/2018\/04\/SERVICIODECULTURA-300x233.png 300w\" sizes=\"(max-width: 490px) 100vw, 490px\" \/><\/figure><div class=\"elementor-image-box-content\"><h3 class=\"elementor-image-box-title\">Universidad de Extremadura<\/h3><p class=\"elementor-image-box-description\">Elaboraci\u00f3n programas informativos radiof\u00f3nicos y audiovisuales con el Servicio de Difusi\u00f3n de la Cultura Cient\u00edfica de la UEx<\/p><\/div><\/div>\t\t<\/div>\n\t\t\t\t<\/div>\n\t\t\t\t\t<\/div>\n\t\t<\/div>\n\t\t\t\t<div class=\"elementor-column elementor-col-20 elementor-top-column elementor-element elementor-element-2b2d4ca0\" data-id=\"2b2d4ca0\" data-element_type=\"column\">\n\t\t\t<div class=\"elementor-widget-wrap elementor-element-populated\">\n\t\t\t\t\t\t\t\t<div class=\"elementor-element elementor-element-2d689681 elementor-position-top elementor-vertical-align-top elementor-widget elementor-widget-image-box\" data-id=\"2d689681\" data-element_type=\"widget\" data-widget_type=\"image-box.default\">\n\t\t\t\t<div class=\"elementor-widget-container\">\n\t\t\t<div class=\"elementor-image-box-wrapper\"><figure class=\"elementor-image-box-img\"><img width=\"490\" height=\"380\" src=\"http:\/\/ardopa.unex.es\/wordpress\/wp-content\/uploads\/2018\/04\/LA-GALERA.png\" class=\"attachment-full size-full\" alt=\"\" loading=\"lazy\" srcset=\"http:\/\/ardopa.unex.es\/wordpress\/wp-content\/uploads\/2018\/04\/LA-GALERA.png 490w, http:\/\/ardopa.unex.es\/wordpress\/wp-content\/uploads\/2018\/04\/LA-GALERA-300x233.png 300w\" sizes=\"(max-width: 490px) 100vw, 490px\" \/><\/figure><div class=\"elementor-image-box-content\"><h3 class=\"elementor-image-box-title\">Fundaci\u00f3n CB<\/h3><p class=\"elementor-image-box-description\">Elaboraci\u00f3n de informativo para la revista La Galera Magazine<\/p><\/div><\/div>\t\t<\/div>\n\t\t\t\t<\/div>\n\t\t\t\t\t<\/div>\n\t\t<\/div>\n\t\t\t\t<div class=\"elementor-column elementor-col-20 elementor-top-column elementor-element elementor-element-378a11b0\" data-id=\"378a11b0\" data-element_type=\"column\">\n\t\t\t<div class=\"elementor-widget-wrap elementor-element-populated\">\n\t\t\t\t\t\t\t\t<div class=\"elementor-element elementor-element-48ce3622 elementor-position-top elementor-vertical-align-top elementor-widget elementor-widget-image-box\" data-id=\"48ce3622\" data-element_type=\"widget\" data-widget_type=\"image-box.default\">\n\t\t\t\t<div class=\"elementor-widget-container\">\n\t\t\t<div class=\"elementor-image-box-wrapper\"><figure class=\"elementor-image-box-img\"><img width=\"490\" height=\"380\" src=\"http:\/\/ardopa.unex.es\/wordpress\/wp-content\/uploads\/2018\/04\/OC.png\" class=\"attachment-full size-full\" alt=\"\" loading=\"lazy\" srcset=\"http:\/\/ardopa.unex.es\/wordpress\/wp-content\/uploads\/2018\/04\/OC.png 490w, http:\/\/ardopa.unex.es\/wordpress\/wp-content\/uploads\/2018\/04\/OC-300x233.png 300w\" sizes=\"(max-width: 490px) 100vw, 490px\" \/><\/figure><div class=\"elementor-image-box-content\"><h3 class=\"elementor-image-box-title\">Radio-Tv de la Universidad de Extremadura. GIC<\/h3><p class=\"elementor-image-box-description\">Elaboraci\u00f3n de producciones audiovisuales y radiof\u00f3nicas<\/p><\/div><\/div>\t\t<\/div>\n\t\t\t\t<\/div>\n\t\t\t\t\t<\/div>\n\t\t<\/div>\n\t\t\t\t<div class=\"elementor-column elementor-col-20 elementor-top-column elementor-element elementor-element-414cd2d2\" data-id=\"414cd2d2\" data-element_type=\"column\">\n\t\t\t<div class=\"elementor-widget-wrap elementor-element-populated\">\n\t\t\t\t\t\t\t\t<div class=\"elementor-element elementor-element-6da47242 elementor-position-top elementor-vertical-align-top elementor-widget elementor-widget-image-box\" data-id=\"6da47242\" data-element_type=\"widget\" data-widget_type=\"image-box.default\">\n\t\t\t\t<div class=\"elementor-widget-container\">\n\t\t\t<div class=\"elementor-image-box-wrapper\"><figure class=\"elementor-image-box-img\"><img width=\"490\" height=\"380\" src=\"http:\/\/ardopa.unex.es\/wordpress\/wp-content\/uploads\/2018\/04\/JUNTADEEXTREMADURA.png\" class=\"attachment-full size-full\" alt=\"\" loading=\"lazy\" srcset=\"http:\/\/ardopa.unex.es\/wordpress\/wp-content\/uploads\/2018\/04\/JUNTADEEXTREMADURA.png 490w, http:\/\/ardopa.unex.es\/wordpress\/wp-content\/uploads\/2018\/04\/JUNTADEEXTREMADURA-300x233.png 300w\" sizes=\"(max-width: 490px) 100vw, 490px\" \/><\/figure><div class=\"elementor-image-box-content\"><h3 class=\"elementor-image-box-title\">Secretar\u00eda General de Cultura<\/h3><p class=\"elementor-image-box-description\">Elaboraci\u00f3n de actividades y programas informativos radiof\u00f3nicos y audiovisuales<\/p><\/div><\/div>\t\t<\/div>\n\t\t\t\t<\/div>\n\t\t\t\t\t<\/div>\n\t\t<\/div>\n\t\t\t\t\t\t\t<\/div>\n\t\t<\/section>\n\t\t\t\t<section class=\"elementor-section elementor-top-section elementor-element elementor-element-5515fc67 elementor-section-boxed elementor-section-height-default elementor-section-height-default\" data-id=\"5515fc67\" data-element_type=\"section\">\n\t\t\t\t\t\t<div class=\"elementor-container elementor-column-gap-default\">\n\t\t\t\t\t<div class=\"elementor-column elementor-col-100 elementor-top-column elementor-element elementor-element-6e87dbaa\" data-id=\"6e87dbaa\" data-element_type=\"column\">\n\t\t\t<div class=\"elementor-widget-wrap elementor-element-populated\">\n\t\t\t\t\t\t\t\t<div class=\"elementor-element elementor-element-7d0a4a89 elementor-widget elementor-widget-spacer\" data-id=\"7d0a4a89\" data-element_type=\"widget\" data-widget_type=\"spacer.default\">\n\t\t\t\t<div class=\"elementor-widget-container\">\n\t\t\t\t\t<div class=\"elementor-spacer\">\n\t\t\t<div class=\"elementor-spacer-inner\"><\/div>\n\t\t<\/div>\n\t\t\t\t<\/div>\n\t\t\t\t<\/div>\n\t\t\t\t<div class=\"elementor-element elementor-element-67232305 elementor-align-center elementor-widget elementor-widget-button\" data-id=\"67232305\" data-element_type=\"widget\" data-widget_type=\"button.default\">\n\t\t\t\t<div class=\"elementor-widget-container\">\n\t\t\t\t\t<div class=\"elementor-button-wrapper\">\n\t\t\t<a href=\"http:\/\/ardopa.unex.es\/wordpress\/proyectos\/\" class=\"elementor-button-link elementor-button elementor-size-sm\" role=\"button\">\n\t\t\t\t\t\t<span class=\"elementor-button-content-wrapper\">\n\t\t\t\t\t\t<span class=\"elementor-button-text\">ver m\u00e1s<\/span>\n\t\t<\/span>\n\t\t\t\t\t<\/a>\n\t\t<\/div>\n\t\t\t\t<\/div>\n\t\t\t\t<\/div>\n\t\t\t\t\t<\/div>\n\t\t<\/div>\n\t\t\t\t\t\t\t<\/div>\n\t\t<\/section>\n\t\t\t\t\t\t<\/div>\n\t\t\t\t\t<\/div>\n\t\t","protected":false},"excerpt":{"rendered":"<p>Producci\u00f3n Audiovisual Desarrollo de planes de comunicaci\u00f3n globales ofreciendo cobertura absoluta a cada proyecto con servicios integrales y parciales de producci\u00f3n audiovisual. SERVICIOS -Coberturas audiovisuales -Grabaciones sonoras y podcast -Infograf\u00eda y animaci\u00f3n 2D y 3D -Organizaci\u00f3n y descripci\u00f3n de documentaci\u00f3n audiovisual -Radio-televisi\u00f3n universitaria -Dise\u00f1o gr\u00e1fico y editorial -Confecci\u00f3n de revistas digitales y actas audiovisuales -Dise\u00f1o [&hellip;]<\/p>\n","protected":false},"author":2,"featured_media":0,"parent":32,"menu_order":3,"comment_status":"closed","ping_status":"closed","template":"","meta":[],"_links":{"self":[{"href":"http:\/\/ardopa.unex.es\/wordpress\/wp-json\/wp\/v2\/pages\/1070"}],"collection":[{"href":"http:\/\/ardopa.unex.es\/wordpress\/wp-json\/wp\/v2\/pages"}],"about":[{"href":"http:\/\/ardopa.unex.es\/wordpress\/wp-json\/wp\/v2\/types\/page"}],"author":[{"embeddable":true,"href":"http:\/\/ardopa.unex.es\/wordpress\/wp-json\/wp\/v2\/users\/2"}],"replies":[{"embeddable":true,"href":"http:\/\/ardopa.unex.es\/wordpress\/wp-json\/wp\/v2\/comments?post=1070"}],"version-history":[{"count":31,"href":"http:\/\/ardopa.unex.es\/wordpress\/wp-json\/wp\/v2\/pages\/1070\/revisions"}],"predecessor-version":[{"id":2993,"href":"http:\/\/ardopa.unex.es\/wordpress\/wp-json\/wp\/v2\/pages\/1070\/revisions\/2993"}],"up":[{"embeddable":true,"href":"http:\/\/ardopa.unex.es\/wordpress\/wp-json\/wp\/v2\/pages\/32"}],"wp:attachment":[{"href":"http:\/\/ardopa.unex.es\/wordpress\/wp-json\/wp\/v2\/media?parent=1070"}],"curies":[{"name":"wp","href":"https:\/\/api.w.org\/{rel}","templated":true}]}}