{"id":1305,"date":"2018-03-09T10:27:56","date_gmt":"2018-03-09T10:27:56","guid":{"rendered":"http:\/\/ardopa.unex.es\/wordpress\/?page_id=1305"},"modified":"2018-06-26T08:33:13","modified_gmt":"2018-06-26T08:33:13","slug":"2014-2","status":"publish","type":"page","link":"http:\/\/ardopa.unex.es\/wordpress\/publicaciones\/2014-2\/","title":{"rendered":"2014"},"content":{"rendered":"\t\t<div data-elementor-type=\"wp-post\" data-elementor-id=\"1305\" class=\"elementor elementor-1305 elementor-bc-flex-widget\" data-elementor-settings=\"[]\">\n\t\t\t\t\t\t\t<div class=\"elementor-section-wrap\">\n\t\t\t\t\t\t\t<section class=\"elementor-section elementor-top-section elementor-element elementor-element-385206cb elementor-section-stretched elementor-section-boxed elementor-section-height-default elementor-section-height-default\" data-id=\"385206cb\" data-element_type=\"section\" data-settings=\"{&quot;stretch_section&quot;:&quot;section-stretched&quot;}\">\n\t\t\t\t\t\t<div class=\"elementor-container elementor-column-gap-default\">\n\t\t\t\t\t<div class=\"elementor-column elementor-col-100 elementor-top-column elementor-element elementor-element-55884033\" data-id=\"55884033\" data-element_type=\"column\">\n\t\t\t<div class=\"elementor-widget-wrap elementor-element-populated\">\n\t\t\t\t\t\t\t\t<div class=\"elementor-element elementor-element-73673a4b elementor-widget elementor-widget-heading\" data-id=\"73673a4b\" data-element_type=\"widget\" data-widget_type=\"heading.default\">\n\t\t\t\t<div class=\"elementor-widget-container\">\n\t\t\t<h3 class=\"elementor-heading-title elementor-size-large\">Publicaciones 2014<\/h3>\t\t<\/div>\n\t\t\t\t<\/div>\n\t\t\t\t<div class=\"elementor-element elementor-element-2e8116b7 elementor-widget-divider--view-line elementor-widget elementor-widget-divider\" data-id=\"2e8116b7\" data-element_type=\"widget\" data-widget_type=\"divider.default\">\n\t\t\t\t<div class=\"elementor-widget-container\">\n\t\t\t\t\t<div class=\"elementor-divider\">\n\t\t\t<span class=\"elementor-divider-separator\">\n\t\t\t\t\t\t<\/span>\n\t\t<\/div>\n\t\t\t\t<\/div>\n\t\t\t\t<\/div>\n\t\t\t\t\t<\/div>\n\t\t<\/div>\n\t\t\t\t\t\t\t<\/div>\n\t\t<\/section>\n\t\t\t\t<section class=\"elementor-section elementor-top-section elementor-element elementor-element-1287a71b elementor-section-boxed elementor-section-height-default elementor-section-height-default\" data-id=\"1287a71b\" data-element_type=\"section\">\n\t\t\t\t\t\t<div class=\"elementor-container elementor-column-gap-default\">\n\t\t\t\t\t<div class=\"elementor-column elementor-col-100 elementor-top-column elementor-element elementor-element-3c5939a2\" data-id=\"3c5939a2\" data-element_type=\"column\">\n\t\t\t<div class=\"elementor-widget-wrap elementor-element-populated\">\n\t\t\t\t\t\t\t\t<div class=\"elementor-element elementor-element-1bb2331b elementor-widget elementor-widget-text-editor\" data-id=\"1bb2331b\" data-element_type=\"widget\" data-widget_type=\"text-editor.default\">\n\t\t\t\t<div class=\"elementor-widget-container\">\n\t\t\t\t\t<div class=\"elementor-text-editor elementor-clearfix\"><p style=\"padding-left: 30px;\"><strong>LIBROS<\/strong><\/p><p>VIVAS MORENO, A. y RICO CALLADO, F.\u00a0<em>Inventario de 1755 de la Biblioteca Universitaria de Salamanca: Transcripci\u00f3n de los libros de Historia<\/em>. Madrid: Marcial Pons (en prensa).<\/p><p>LORENZO CADARSO, P. L.<em>\u00a0El libro y la lectura como armas pol\u00edticas<\/em>. C\u00e1ceres: Universidad de Extremadura, 2014.<\/p><p>MART\u00cdN-PENA, D. y ORTIZ SOBRINO, M.A. <em>Las Radios Universitarias en Am\u00e9rica y Europa.<\/em> Madrid: Fragua, 2014.<\/p><p>RICO CALLADO, F.<em> La documentaci\u00f3n judicial eclesi\u00e1stica en la Edad Moderna. Estudio diplom\u00e1tico de los fondos diocesanos.\u00a0<\/em>C\u00e1ceres: Universidad de Extremadura, 2014.<\/p><p style=\"padding-left: 30px;\"><strong>CAP\u00cdTULOS DE LIBROS<\/strong><\/p><p>VIVAS MORENO, A. y GARC\u00cdA OROZCO, J. \u201cPropuesta del curso en l\u00ednea Gesti\u00f3n de Proyectos para emprendedores: una oportunidad para mejorar la competitividad\u201d. En: GARC\u00cdA OROZCO, J. (Coord.).<em> La educaci\u00f3n a distancia: perspectivas y experiencias.<\/em> Miami: Humboldt International University, 2014, pp. 80-98.<\/p><p>VIVAS MORENO, A. y GARC\u00cdA OROZCO, J. \u201cConcepto de archiv\u00edstica, archivo y gesti\u00f3n de documentos: definici\u00f3n y an\u00e1lisis\u201d. En: GARC\u00cdA OROZCO, J. (Coord.). <em>La educaci\u00f3n a distancia: perspectivas y experiencias.<\/em> Miami: Humboldt International University, 2014, pp.99-138<\/p><p>VIVAS MORENO, A. y P\u00c9REZ ORTIZ, G. \u201cLectura de Plantino en la Biblioteca del Seminario san At\u00f3n de Badajoz\u201d. En: FERN\u00c1NDEZ BAJ\u00d3N, M\u00aa T., VILLASE\u00d1OR RODR\u00cdGUEZ, I., MARCOS RECIO, J.C., MART\u00cdNEZ COMECHE, J.A., y S\u00c1NCHEZ VIGIL, J.M.:\u00a0<em>Nuevos h\u00e1bitos de consumo de informaci\u00f3n y lectura para la inclusi\u00f3n social. Madrid: Universidad Complutense<\/em>, 2014, pp. 105-120.<\/p><p>ENCABO VERA, M.A. \u201cCr\u00f3nica de la propiedad intelectual en Espa\u00f1a\u201d. En:\u00a0<em>Anuario de propiedad Intelectual,\u00a02013.<\/em> Madrid: Reus, 2014.<\/p><p style=\"padding-left: 30px;\"><strong>ART\u00cdCULOS CIENT\u00cdFICOS<\/strong><\/p><p>VIVAS MORENO, A. y P\u00c9REZ ORTIZ, G.\u00a0 \u201cLos archivos diocesanos en Espa\u00f1a: An\u00e1lisis de series documentales e importancia para la investigaci\u00f3n hist\u00f3rica\u201d.\u00a0Revista Investigaci\u00f3n Bibliotecol\u00f3gica: archivonom\u00eda, bibliotecolog\u00eda e informaci\u00f3n. IIBI. Universidad Aut\u00f3noma de M\u00e9xico.<\/p><p>VIVAS MORENO, A. y\u00a0P\u00c9REZ OTIZ, R. \u201cGodoy, el pr\u00edncipe de la Paz, su vida: paso por el Seminario Metropolitano san At\u00f3n de Badajoz\u201d.\u00a0Revista de Estudios Extreme\u00f1os, Tomo LXX. N\u00famero Extraordinario, 2014, pp 597-614.\u00a0<\/p><p>VIVAS MORENO, A., GONZ\u00c1LEZ LOZANO, F. y P\u00c9REZ ORTIZ, G.: \u201cLos archivos de seminarios: an\u00e1lisis de sus cuadros de clasificaci\u00f3n en relaci\u00f3n a contenidos educativos\u201d. Informatio, 19 (2), 2014, pp. 25-41.<\/p><p>RICO CALLADO, F.<em>\u00a0<\/em>\u201cEl uso de la excomuni\u00f3n en las di\u00f3cesis espa\u00f1olas de la Edad Moderna a trav\u00e9s del estudio de la documentaci\u00f3n de los obispados extreme\u00f1os\u201d en Cauriensia, vol. IX (2014), pp. 287-312.<\/p><p>RICO CALLADO, F.<em>\u00a0<\/em>\u00abLos procedimientos gubernativos eclesi\u00e1sticos en las di\u00f3cesis castellanas en la Edad Moderna\u00bb en Ius canonicum, Vol. 54, N\u00ba 107 (2014), p\u00e1gs. 45-85.<\/p><p>MART\u00cdN-PENA, D. y MARTA-LAZO, C. \u201cPresentaci\u00f3n: Antecedentes, estado de la cuesti\u00f3n y prospectiva de las Radios Universitarias\u201d.\u00a0Revista de Educaci\u00f3n Medi\u00e1tica y TIC (EdMetic).\u00a0Vol. 3, 2014, pp. 2-7.<\/p><\/div>\n\t\t\t\t<\/div>\n\t\t\t\t<\/div>\n\t\t\t\t\t<\/div>\n\t\t<\/div>\n\t\t\t\t\t\t\t<\/div>\n\t\t<\/section>\n\t\t\t\t\t\t<\/div>\n\t\t\t\t\t<\/div>\n\t\t","protected":false},"excerpt":{"rendered":"<p>Publicaciones 2014 LIBROS VIVAS MORENO, A. y RICO CALLADO, F.\u00a0Inventario de 1755 de la Biblioteca Universitaria de Salamanca: Transcripci\u00f3n de los libros de Historia. Madrid: Marcial Pons (en prensa). LORENZO CADARSO, P. L.\u00a0El libro y la lectura como armas pol\u00edticas. C\u00e1ceres: Universidad de Extremadura, 2014. MART\u00cdN-PENA, D. y ORTIZ SOBRINO, M.A. Las Radios Universitarias en [&hellip;]<\/p>\n","protected":false},"author":2,"featured_media":0,"parent":1274,"menu_order":4,"comment_status":"closed","ping_status":"closed","template":"","meta":[],"_links":{"self":[{"href":"http:\/\/ardopa.unex.es\/wordpress\/wp-json\/wp\/v2\/pages\/1305"}],"collection":[{"href":"http:\/\/ardopa.unex.es\/wordpress\/wp-json\/wp\/v2\/pages"}],"about":[{"href":"http:\/\/ardopa.unex.es\/wordpress\/wp-json\/wp\/v2\/types\/page"}],"author":[{"embeddable":true,"href":"http:\/\/ardopa.unex.es\/wordpress\/wp-json\/wp\/v2\/users\/2"}],"replies":[{"embeddable":true,"href":"http:\/\/ardopa.unex.es\/wordpress\/wp-json\/wp\/v2\/comments?post=1305"}],"version-history":[{"count":26,"href":"http:\/\/ardopa.unex.es\/wordpress\/wp-json\/wp\/v2\/pages\/1305\/revisions"}],"predecessor-version":[{"id":2927,"href":"http:\/\/ardopa.unex.es\/wordpress\/wp-json\/wp\/v2\/pages\/1305\/revisions\/2927"}],"up":[{"embeddable":true,"href":"http:\/\/ardopa.unex.es\/wordpress\/wp-json\/wp\/v2\/pages\/1274"}],"wp:attachment":[{"href":"http:\/\/ardopa.unex.es\/wordpress\/wp-json\/wp\/v2\/media?parent=1305"}],"curies":[{"name":"wp","href":"https:\/\/api.w.org\/{rel}","templated":true}]}}