{"id":1400,"date":"2018-03-13T11:26:58","date_gmt":"2018-03-13T11:26:58","guid":{"rendered":"http:\/\/ardopa.unex.es\/wordpress\/?page_id=1400"},"modified":"2018-06-26T08:34:52","modified_gmt":"2018-06-26T08:34:52","slug":"2012-2","status":"publish","type":"page","link":"http:\/\/ardopa.unex.es\/wordpress\/publicaciones\/2012-2\/","title":{"rendered":"2012"},"content":{"rendered":"\t\t<div data-elementor-type=\"wp-post\" data-elementor-id=\"1400\" class=\"elementor elementor-1400 elementor-bc-flex-widget\" data-elementor-settings=\"[]\">\n\t\t\t\t\t\t\t<div class=\"elementor-section-wrap\">\n\t\t\t\t\t\t\t<section class=\"elementor-section elementor-top-section elementor-element elementor-element-4e7e3a54 elementor-section-boxed elementor-section-height-default elementor-section-height-default\" data-id=\"4e7e3a54\" data-element_type=\"section\">\n\t\t\t\t\t\t<div class=\"elementor-container elementor-column-gap-default\">\n\t\t\t\t\t<div class=\"elementor-column elementor-col-100 elementor-top-column elementor-element elementor-element-2835037a\" data-id=\"2835037a\" data-element_type=\"column\">\n\t\t\t<div class=\"elementor-widget-wrap elementor-element-populated\">\n\t\t\t\t\t\t\t\t<div class=\"elementor-element elementor-element-40904111 elementor-widget elementor-widget-heading\" data-id=\"40904111\" data-element_type=\"widget\" data-widget_type=\"heading.default\">\n\t\t\t\t<div class=\"elementor-widget-container\">\n\t\t\t<h3 class=\"elementor-heading-title elementor-size-large\">Publicaciones 2012<\/h3>\t\t<\/div>\n\t\t\t\t<\/div>\n\t\t\t\t<div class=\"elementor-element elementor-element-52443852 elementor-widget-divider--view-line elementor-widget elementor-widget-divider\" data-id=\"52443852\" data-element_type=\"widget\" data-widget_type=\"divider.default\">\n\t\t\t\t<div class=\"elementor-widget-container\">\n\t\t\t\t\t<div class=\"elementor-divider\">\n\t\t\t<span class=\"elementor-divider-separator\">\n\t\t\t\t\t\t<\/span>\n\t\t<\/div>\n\t\t\t\t<\/div>\n\t\t\t\t<\/div>\n\t\t\t\t\t<\/div>\n\t\t<\/div>\n\t\t\t\t\t\t\t<\/div>\n\t\t<\/section>\n\t\t\t\t<section class=\"elementor-section elementor-top-section elementor-element elementor-element-785b8ed0 elementor-section-boxed elementor-section-height-default elementor-section-height-default\" data-id=\"785b8ed0\" data-element_type=\"section\">\n\t\t\t\t\t\t<div class=\"elementor-container elementor-column-gap-default\">\n\t\t\t\t\t<div class=\"elementor-column elementor-col-100 elementor-top-column elementor-element elementor-element-4c0be229\" data-id=\"4c0be229\" data-element_type=\"column\">\n\t\t\t<div class=\"elementor-widget-wrap elementor-element-populated\">\n\t\t\t\t\t\t\t\t<div class=\"elementor-element elementor-element-227d1924 elementor-widget elementor-widget-text-editor\" data-id=\"227d1924\" data-element_type=\"widget\" data-widget_type=\"text-editor.default\">\n\t\t\t\t<div class=\"elementor-widget-container\">\n\t\t\t\t\t<div class=\"elementor-text-editor elementor-clearfix\"><p style=\"padding-left: 30px;\"><strong>LIBROS<\/strong><\/p><p>MART\u00cdN-PENA, D. y ESPINO NARV\u00c1EZ, C.\u00a0<em>Las radios universitarias, m\u00e1s all\u00e1 de la radio. Las TIC como recursos de interacci\u00f3n radiof\u00f3nica. <\/em>Editorial UOC. 2012<\/p><p>L\u00d3PEZ PUJALTE, C.<em>\u00a0Manual del PATT. Plan de Acci\u00f3n Turorial de las Titulaciones de la Facultad de Ciencias de la Documentaci\u00f3n y la Comunicaci\u00f3n. <\/em>C\u00e1ceres: Universidad de Extremadura, 2012.<\/p><p style=\"padding-left: 30px;\"><strong>CAP\u00cdTULOS DE LIBROS<\/strong><\/p><p>ENCABO VERA, M.A.\u201cCr\u00f3nica de la propiedad intelectual en Espa\u00f1a\u201d. <em>En: Anuario de propiedad Intelectual, 2011.\u00a0<\/em>Madrid: Reus, 2012.<\/p><p style=\"padding-left: 30px;\"><strong>ART\u00cdCULOS CIENT\u00cdFICOS<\/strong><\/p><p>VIVAS MORENO, A. Y P\u00c9REZ ORTIZ, G. \u00abDocumentaci\u00f3n sobre oposiciones a c\u00e1tedras en la colecci\u00f3n de Papeles Varios del Archivo Hist\u00f3rico de la Universidad de Salamanca\u00bb en Tiempos Modernos XXV\/7,\u00a0 pp. 1-29.<\/p><p>VIVAS MORENO, A. \u201cClasificaci\u00f3n de la documentaci\u00f3n hist\u00f3rica de los archivos universitarios: el modelo salmantino\u201d en la Rivista di studi bibliografici. Rassegna degli Archivi di Stato. Direzione Generale per gli Archivi. Ministero per i Beni e le Attivita Cultural.<\/p><p>VIVAS MORENO, A. \u201cDocumentos de procedencia colegial en la Colecci\u00f3n de Papeles Varios del Archivo Universitario de Salamanca\u201d en la Revista Anales de Documentaci\u00f3n, Universidad de Murcia.<\/p><p>RICO CALLADO, F.\u00a0\u00abLa pr\u00e1ctica de la Confesi\u00f3n en la Espa\u00f1a Moderna a trav\u00e9s de la Actividad de las \u00d3rdenes Religiosas\u00bb en la Revista Studia Hist\u00f3rica. Historia Moderna.<\/p><p>RICO CALLADO, F.\u00a0\u00abLas competencias transversales en los t\u00edtulos de Biblioteconom\u00eda y Documentaci\u00f3n \u00bfavance o retroceso?\u00bb en Ibersid. Revista de sistemas de informaci\u00f3n y documentaci\u00f3n.<\/p><\/div>\n\t\t\t\t<\/div>\n\t\t\t\t<\/div>\n\t\t\t\t\t<\/div>\n\t\t<\/div>\n\t\t\t\t\t\t\t<\/div>\n\t\t<\/section>\n\t\t\t\t\t\t<\/div>\n\t\t\t\t\t<\/div>\n\t\t","protected":false},"excerpt":{"rendered":"<p>Publicaciones 2012 LIBROS MART\u00cdN-PENA, D. y ESPINO NARV\u00c1EZ, C.\u00a0Las radios universitarias, m\u00e1s all\u00e1 de la radio. Las TIC como recursos de interacci\u00f3n radiof\u00f3nica. Editorial UOC. 2012 L\u00d3PEZ PUJALTE, C.\u00a0Manual del PATT. Plan de Acci\u00f3n Turorial de las Titulaciones de la Facultad de Ciencias de la Documentaci\u00f3n y la Comunicaci\u00f3n. C\u00e1ceres: Universidad de Extremadura, 2012. CAP\u00cdTULOS [&hellip;]<\/p>\n","protected":false},"author":2,"featured_media":0,"parent":1274,"menu_order":6,"comment_status":"closed","ping_status":"closed","template":"","meta":[],"_links":{"self":[{"href":"http:\/\/ardopa.unex.es\/wordpress\/wp-json\/wp\/v2\/pages\/1400"}],"collection":[{"href":"http:\/\/ardopa.unex.es\/wordpress\/wp-json\/wp\/v2\/pages"}],"about":[{"href":"http:\/\/ardopa.unex.es\/wordpress\/wp-json\/wp\/v2\/types\/page"}],"author":[{"embeddable":true,"href":"http:\/\/ardopa.unex.es\/wordpress\/wp-json\/wp\/v2\/users\/2"}],"replies":[{"embeddable":true,"href":"http:\/\/ardopa.unex.es\/wordpress\/wp-json\/wp\/v2\/comments?post=1400"}],"version-history":[{"count":15,"href":"http:\/\/ardopa.unex.es\/wordpress\/wp-json\/wp\/v2\/pages\/1400\/revisions"}],"predecessor-version":[{"id":2929,"href":"http:\/\/ardopa.unex.es\/wordpress\/wp-json\/wp\/v2\/pages\/1400\/revisions\/2929"}],"up":[{"embeddable":true,"href":"http:\/\/ardopa.unex.es\/wordpress\/wp-json\/wp\/v2\/pages\/1274"}],"wp:attachment":[{"href":"http:\/\/ardopa.unex.es\/wordpress\/wp-json\/wp\/v2\/media?parent=1400"}],"curies":[{"name":"wp","href":"https:\/\/api.w.org\/{rel}","templated":true}]}}