{"id":1436,"date":"2018-03-14T10:21:34","date_gmt":"2018-03-14T10:21:34","guid":{"rendered":"http:\/\/ardopa.unex.es\/wordpress\/?page_id=1436"},"modified":"2026-05-04T14:34:34","modified_gmt":"2026-05-04T12:34:34","slug":"2018-2","status":"publish","type":"page","link":"http:\/\/ardopa.unex.es\/wordpress\/publicaciones\/2018-2\/","title":{"rendered":"2018"},"content":{"rendered":"\t\t<div data-elementor-type=\"wp-page\" data-elementor-id=\"1436\" class=\"elementor elementor-1436\" data-elementor-settings=\"[]\">\n\t\t\t\t\t\t\t<div class=\"elementor-section-wrap\">\n\t\t\t\t\t\t\t<section class=\"elementor-section elementor-top-section elementor-element elementor-element-50ea264b elementor-section-boxed elementor-section-height-default elementor-section-height-default\" data-id=\"50ea264b\" data-element_type=\"section\">\n\t\t\t\t\t\t<div class=\"elementor-container elementor-column-gap-default\">\n\t\t\t\t\t<div class=\"elementor-column elementor-col-100 elementor-top-column elementor-element elementor-element-a3d6864\" data-id=\"a3d6864\" data-element_type=\"column\">\n\t\t\t<div class=\"elementor-widget-wrap elementor-element-populated\">\n\t\t\t\t\t\t\t\t<div class=\"elementor-element elementor-element-4edade09 elementor-widget elementor-widget-heading\" data-id=\"4edade09\" data-element_type=\"widget\" data-widget_type=\"heading.default\">\n\t\t\t\t<div class=\"elementor-widget-container\">\n\t\t\t<h3 class=\"elementor-heading-title elementor-size-large\">Publicaciones 2018<\/h3>\t\t<\/div>\n\t\t\t\t<\/div>\n\t\t\t\t<div class=\"elementor-element elementor-element-2d16fc6e elementor-widget-divider--view-line elementor-widget elementor-widget-divider\" data-id=\"2d16fc6e\" data-element_type=\"widget\" data-widget_type=\"divider.default\">\n\t\t\t\t<div class=\"elementor-widget-container\">\n\t\t\t\t\t<div class=\"elementor-divider\">\n\t\t\t<span class=\"elementor-divider-separator\">\n\t\t\t\t\t\t<\/span>\n\t\t<\/div>\n\t\t\t\t<\/div>\n\t\t\t\t<\/div>\n\t\t\t\t\t<\/div>\n\t\t<\/div>\n\t\t\t\t\t\t\t<\/div>\n\t\t<\/section>\n\t\t\t\t<section class=\"elementor-section elementor-top-section elementor-element elementor-element-16428dee elementor-section-boxed elementor-section-height-default elementor-section-height-default\" data-id=\"16428dee\" data-element_type=\"section\">\n\t\t\t\t\t\t<div class=\"elementor-container elementor-column-gap-default\">\n\t\t\t\t\t<div class=\"elementor-column elementor-col-100 elementor-top-column elementor-element elementor-element-4a02e6f0\" data-id=\"4a02e6f0\" data-element_type=\"column\">\n\t\t\t<div class=\"elementor-widget-wrap elementor-element-populated\">\n\t\t\t\t\t\t\t\t<div class=\"elementor-element elementor-element-438f1235 elementor-widget elementor-widget-text-editor\" data-id=\"438f1235\" data-element_type=\"widget\" data-widget_type=\"text-editor.default\">\n\t\t\t\t<div class=\"elementor-widget-container\">\n\t\t\t\t\t<div class=\"elementor-text-editor elementor-clearfix\"><\/div>\n\t\t\t\t<\/div>\n\t\t\t\t<\/div>\n\t\t\t\t<div class=\"elementor-element elementor-element-5693ffb elementor-widget elementor-widget-text-editor\" data-id=\"5693ffb\" data-element_type=\"widget\" data-widget_type=\"text-editor.default\">\n\t\t\t\t<div class=\"elementor-widget-container\">\n\t\t\t\t\t<div class=\"elementor-text-editor elementor-clearfix\"><p style=\"padding-left: 30px; text-align: left;\"><strong>LIBROS<\/strong><\/p><p>\u00a0<\/p><p>VIVAS MORENO, A. SOLANO MAC\u00cdAS C.;\u00a0<em>La cultura escrita en Extremadura a finales del s. XVIII a trav\u00e9s del interrogatorio de la Real Audiencia. Gij\u00f3n: Trea.<\/em><\/p><p><span style=\"font-weight: 400;\">VIVAS MORENO, A.;\u00a0 \u00abARCHIVOS: TIPOLOG\u00cdA Y CLASIFICACI\u00d3N\u201d. Servicio de Publicaciones Universidad de Huelva.<\/span><\/p><p><span style=\"font-weight: 400;\">VIVAS MORENO, A. P\u00c9REZ ORTIZ, G. GONZ\u00c1LEZ LOZANO, \u00a0F. ; <\/span>Fuentes documentales del Seminario San At\u00f3n: libro de Fundaci\u00f3n, Constituciones, Real C\u00e9dula y Provisi\u00f3n. Diputaci\u00f3n de Badajoz<\/p><p>\u00a0<\/p><p>\u00a0<\/p><p style=\"padding-left: 30px;\"><b>CAP\u00cdTULOS DE LIBROS<\/b><\/p><p>VIVAS MORENO, A. \u00abLecturas formativas de seminaristas: fuentes en el Archivo del Seminario san At\u00f3n de Badajoz\u201d. En:\u00a0<em>Conocimientos sin fronteras: colaboraci\u00f3n cient\u00edfica e institucional en Documentaci\u00f3n e Informaci\u00f3n.<\/em>\u00a0Madrid: Universidad Complutense de Madrid,<\/p><p>VIVAS MORENO, A. \u00abLa cultura escrita en Campanario a finales del s. XVIII seg\u00fan el Interrogatorio de la Real Audiencia de Extremadura\u201d. En: Conocimientos sin fronteras: colaboraci\u00f3n cient\u00edfica e institucional en Documentaci\u00f3n e Informaci\u00f3n. Madrid: Universidad Complutense de Madrid.<\/p><p>VIVAS MORENO, A. \u00abEl podscasting como herramienta para el fomento de la lectura\u201d. En: Conocimientos sin fronteras: colaboraci\u00f3n cient\u00edfica e institucional en Documentaci\u00f3n e Informaci\u00f3n. Madrid: Universidad Complutense de Madrid,\u00a0<\/p><p><span style=\"font-weight: 400;\">VIVAS MORENO, A. \u201c<\/span><span style=\"font-weight: 400;\">De la `Ciudad de Dios\u00b4 a tel\u00e9polis. Tres tiempos en el contexto hist\u00f3rico-cultural de la naturaleza archiv\u00edstica<\/span><span style=\"font-weight: 400;\">\u201d. En <em>Uso \u00e9tico de la informaci\u00f3n: implicaciones y desaf\u00edos.<\/em> UNAM, Instituto de investigaciones bibliotecol\u00f3gicas y de la informaci\u00f3n. pp. 117-141.<\/span><\/p><p><span style=\"font-weight: 400;\">VIVAS MORENO, A. \u201cEl orden de los libros. El ejemplo de la biblioteca de los dominicos de Salamanca en el Antiguo R\u00e9gimen\u201d. En La ense\u00f1anza de la lectura en la Universidad. La ense\u00f1anza de la lectura en la Universidad. UNAM, Instituto de Investigaciones Bibliotecol\u00f3gicas y de la Informaci\u00f3n. \u00a0pp. 187-217.<\/span><\/p><p>GONZ\u00c1LEZ LOZANO, F., P\u00c9REZ ORTIZ, G. Y VIVAS MORENO, A.\u00a0<em>Ense\u00f1anza religiosa escolar: fundamentaci\u00f3n y reflexiones.<\/em> Madrid: Editorial Acad\u00e9mica Espa\u00f1ola, 2017.<\/p><p>ENCABO VERA, M.A. \u00abLas excepciones a la protecci\u00f3n del derecho de autor en la legislaci\u00f3n canadiense\u00bb. En:\u00a0<em>Estudio de los l\u00edmites a los derechos de autor desde una perspectiva de derecho<\/em> <em>comparado<\/em> de Mar\u00eda Serrano Fern\u00e1ndez (coord.)<\/p><p><b>\u00a0 \u00a0 \u00a0 \u00a0<\/b><\/p><p><b>ART\u00cdCULOS CIENT\u00cdFICOS<\/b><\/p><p>VIVAS MORENO, A.\u00a0 \u201cLa divulgaci\u00f3n cient\u00edfica en las emisoras universitarias: la fonoteca del proyecto Semillas de Ciencia\u201d, Revista Mediterr\u00e1nea de Comunicaci\u00f3n. Journal of Communication, 9,1<\/p><p>VIVAS MORENO, A.\u00a0 \u201cAn\u00e1lisis de las t\u00e9cnicas documentales en las radios universitarias de Espa\u00f1a: Propuesta de Centro de Documentaci\u00f3n\u201d. Palabra Clave, 7, 2\u00a0<\/p><p>VIVAS MORENO, A.\u00a0 \u201cLos archivos eclesi\u00e1sticos como fuente para el estudio de la beneficiencia en Espa\u00f1a\u201d, Ibersid: Revista de Sistemas de Informaci\u00f3n y documentaci\u00f3n =Journal of information and documentation systems, 12, 1<\/p><p>VIVAS MORENO, A\u00a0 Los censos e interrogatorios en Espa\u00f1a como instrumentos de poder en la comunicaci\u00f3n pol\u00edtica (ss. XVI-XVIII)\u201d, Revista Panamericana de Comunicaci\u00f3n; Comunicaci\u00f3n. Leveraging Communications Rersearch, 1, 1<\/p><p>VIVAS MORENO, A\u00a0 \u201cLos archivos y bibliotecas de seminarios: fuentes documentales para el estudio de la historia de la educaci\u00f3n en Espa\u00f1a\u201d, Ibersid: Revista de Sistemas de Informaci\u00f3n y documentaci\u00f3n =Journal of information and documentation systems, 12, 2\u00a0<\/p><p>VIVAS MORENO, A. \u201cLa ense\u00f1anza de Gram\u00e1tica en Espa\u00f1a a finales del S. XVIII: el caso de la provincia de Extremadura\u201d, Stvdia Historica. Historia Moderna, 40, 2<\/p><p>VIVAS MORENO, A. \u201cLos archivos de los Seminarios Conciliares. Testimonio de la labor educativa de la Iglesia\u201d, Bolet\u00edn de la ANABAD, LXVIII,3<\/p><p>ENCABO VERA, M.A. \u00abEl derecho sobre el pr\u00e9stamo digital en las bibliotecas p\u00fablicas\u00bb en la Revista Aranzadi de derecho y nuevas tecnolog\u00edas, 2017.<\/p><p>RICO CALLADO, F.L.\u00a0 \u00abEl estudio de las faltas del clero diocesano postridentino a trav\u00e9s de los procesos judiciales. El caso de la di\u00f3cesis de Salamanca\u00bb (2017)<\/p><p>RICO CALLADO, F.L. \u00abLa documentaci\u00f3n gubernativa diocesana en la Edad Moderna a trav\u00e9s de los expedientes de concursos de beneficios curados\u00bb en Ibersid: Revista de Sistemas de Informaci\u00f3n y Documentaci\u00f3n (2017<\/p><\/div>\n\t\t\t\t<\/div>\n\t\t\t\t<\/div>\n\t\t\t\t\t<\/div>\n\t\t<\/div>\n\t\t\t\t\t\t\t<\/div>\n\t\t<\/section>\n\t\t\t\t\t\t<\/div>\n\t\t\t\t\t<\/div>\n\t\t","protected":false},"excerpt":{"rendered":"<p>Publicaciones 2018 LIBROS \u00a0 VIVAS MORENO, A. SOLANO MAC\u00cdAS C.;\u00a0La cultura escrita en Extremadura a finales del s. XVIII a trav\u00e9s del interrogatorio de la Real Audiencia. Gij\u00f3n: Trea. VIVAS MORENO, A.;\u00a0 \u00abARCHIVOS: TIPOLOG\u00cdA Y CLASIFICACI\u00d3N\u201d. Servicio de Publicaciones Universidad de Huelva. VIVAS MORENO, A. P\u00c9REZ ORTIZ, G. GONZ\u00c1LEZ LOZANO, \u00a0F. ; Fuentes documentales del [&hellip;]<\/p>\n","protected":false},"author":2,"featured_media":0,"parent":1274,"menu_order":0,"comment_status":"closed","ping_status":"closed","template":"","meta":[],"_links":{"self":[{"href":"http:\/\/ardopa.unex.es\/wordpress\/wp-json\/wp\/v2\/pages\/1436"}],"collection":[{"href":"http:\/\/ardopa.unex.es\/wordpress\/wp-json\/wp\/v2\/pages"}],"about":[{"href":"http:\/\/ardopa.unex.es\/wordpress\/wp-json\/wp\/v2\/types\/page"}],"author":[{"embeddable":true,"href":"http:\/\/ardopa.unex.es\/wordpress\/wp-json\/wp\/v2\/users\/2"}],"replies":[{"embeddable":true,"href":"http:\/\/ardopa.unex.es\/wordpress\/wp-json\/wp\/v2\/comments?post=1436"}],"version-history":[{"count":30,"href":"http:\/\/ardopa.unex.es\/wordpress\/wp-json\/wp\/v2\/pages\/1436\/revisions"}],"predecessor-version":[{"id":3833,"href":"http:\/\/ardopa.unex.es\/wordpress\/wp-json\/wp\/v2\/pages\/1436\/revisions\/3833"}],"up":[{"embeddable":true,"href":"http:\/\/ardopa.unex.es\/wordpress\/wp-json\/wp\/v2\/pages\/1274"}],"wp:attachment":[{"href":"http:\/\/ardopa.unex.es\/wordpress\/wp-json\/wp\/v2\/media?parent=1436"}],"curies":[{"name":"wp","href":"https:\/\/api.w.org\/{rel}","templated":true}]}}