{"id":1729,"date":"2018-03-27T11:38:31","date_gmt":"2018-03-27T11:38:31","guid":{"rendered":"http:\/\/ardopa.unex.es\/wordpress\/?page_id=1729"},"modified":"2018-06-26T08:37:19","modified_gmt":"2018-06-26T08:37:19","slug":"2010-2","status":"publish","type":"page","link":"http:\/\/ardopa.unex.es\/wordpress\/publicaciones\/2010-2\/","title":{"rendered":"2010"},"content":{"rendered":"\t\t<div data-elementor-type=\"wp-page\" data-elementor-id=\"1729\" class=\"elementor elementor-1729 elementor-bc-flex-widget\" data-elementor-settings=\"[]\">\n\t\t\t\t\t\t\t<div class=\"elementor-section-wrap\">\n\t\t\t\t\t\t\t<section class=\"elementor-section elementor-top-section elementor-element elementor-element-37045772 elementor-section-boxed elementor-section-height-default elementor-section-height-default\" data-id=\"37045772\" data-element_type=\"section\">\n\t\t\t\t\t\t<div class=\"elementor-container elementor-column-gap-default\">\n\t\t\t\t\t<div class=\"elementor-column elementor-col-100 elementor-top-column elementor-element elementor-element-4eedc020\" data-id=\"4eedc020\" data-element_type=\"column\">\n\t\t\t<div class=\"elementor-widget-wrap elementor-element-populated\">\n\t\t\t\t\t\t\t\t<div class=\"elementor-element elementor-element-26644adc elementor-widget elementor-widget-heading\" data-id=\"26644adc\" data-element_type=\"widget\" data-widget_type=\"heading.default\">\n\t\t\t\t<div class=\"elementor-widget-container\">\n\t\t\t<h3 class=\"elementor-heading-title elementor-size-large\">Publicaciones 2010<\/h3>\t\t<\/div>\n\t\t\t\t<\/div>\n\t\t\t\t<div class=\"elementor-element elementor-element-3c3d2179 elementor-widget-divider--view-line elementor-widget elementor-widget-divider\" data-id=\"3c3d2179\" data-element_type=\"widget\" data-widget_type=\"divider.default\">\n\t\t\t\t<div class=\"elementor-widget-container\">\n\t\t\t\t\t<div class=\"elementor-divider\">\n\t\t\t<span class=\"elementor-divider-separator\">\n\t\t\t\t\t\t<\/span>\n\t\t<\/div>\n\t\t\t\t<\/div>\n\t\t\t\t<\/div>\n\t\t\t\t\t<\/div>\n\t\t<\/div>\n\t\t\t\t\t\t\t<\/div>\n\t\t<\/section>\n\t\t\t\t<section class=\"elementor-section elementor-top-section elementor-element elementor-element-3d9cc3ac elementor-section-boxed elementor-section-height-default elementor-section-height-default\" data-id=\"3d9cc3ac\" data-element_type=\"section\">\n\t\t\t\t\t\t<div class=\"elementor-container elementor-column-gap-default\">\n\t\t\t\t\t<div class=\"elementor-column elementor-col-100 elementor-top-column elementor-element elementor-element-7f90ae07\" data-id=\"7f90ae07\" data-element_type=\"column\">\n\t\t\t<div class=\"elementor-widget-wrap elementor-element-populated\">\n\t\t\t\t\t\t\t\t<div class=\"elementor-element elementor-element-90a9dc8 elementor-widget elementor-widget-text-editor\" data-id=\"90a9dc8\" data-element_type=\"widget\" data-widget_type=\"text-editor.default\">\n\t\t\t\t<div class=\"elementor-widget-container\">\n\t\t\t\t\t<div class=\"elementor-text-editor elementor-clearfix\"><p style=\"padding-left: 30px;\"><strong>CAP\u00cdTULOS DE LIBROS<\/strong><\/p><p>VIVAS MORENO, A. y MARTOS GARC\u00cdA, A. \u201cAn\u00e1lisis metodol\u00f3gico de un centro de documentaci\u00f3n para los estudios de lectura\u201d En; R\u00d6SING T. M.K y REETTENMAIER, M. (eds.) <em>Biblioteca, Lectura y Multimedia.<\/em> Universidade de Passo Fundo, 2010.<\/p><p style=\"padding-left: 30px;\"><strong>ART\u00cdCULOS CIENT\u00cdFICOS<\/strong><\/p><p><span style=\"font-weight: 400;\">VIVAS MORENO, A. y DOS SANTOS MARQU\u00c9S, J.A. \u201cAn\u00e1lisis de contenido de la colecci\u00f3n de papeles varios del Archivo de la Universidad de Salamanca\u201d. Documentaci\u00f3n de las ciencias de la informaci\u00f3n,, N\u00ba 33, 2010, pp. 233-271.<\/span><\/p><p><span style=\"font-weight: 400;\">VIVAS MORENO, A. y MARTOS GARC\u00cdA, A. \u201cLa cartograf\u00eda conceptual y su utilidad para el estudio de la lectura como pr\u00e1ctica hist\u00f3rico-cultural: El Quijote como ejemplo\u201d. Investigaci\u00f3n bibliotecol\u00f3gica, Vol. 24, N\u00ba. 51, 2010, pp. 95-124.<\/span><\/p><p><span style=\"font-weight: 400;\">VIVAS MORENO, A. y MARTOS GARC\u00cdA, A. \u201dPerspectivas y utilidades de un Centro de Documentaci\u00f3n para los Estudios de Lectura\u201d. Lenguaje y textos, N\u00ba 31, 2010, pp. 149-166.<\/span><\/p><p><span style=\"font-weight: 400;\">VIVAS MORENO, A. y P\u00c9REZ ORTIZ, M.G. \u201cImportancia documental del archivo diocesano de M\u00e9rida-Badajoz: el ejemplo de la documentaci\u00f3n conventual\u201d. Memoria Ecclesiae, N\u00ba. 34, 2010, pp. 757-772.<\/span><\/p><p><span style=\"font-weight: 400;\">VIVAS MORENO, A. y MARTOS GARC\u00cdA, A. \u201cLos nuevos contextos sensoriales de lectura\u201d. Primeras noticias. Revista de literatura, N\u00ba. 250-251, pp. 17-20.<\/span><\/p><p><span style=\"font-weight: 400;\">VIVAS MORENO, A.\u201dDocumentos de procedencia jesu\u00edtica en la colecci\u00f3n de papeles varios del archivo universitario de Salamanca\u201d. Revista general de informaci\u00f3n y documentaci\u00f3n, Vol. 20, N\u00ba 1, 2010, pp. 141-178.<\/span><\/p><\/div>\n\t\t\t\t<\/div>\n\t\t\t\t<\/div>\n\t\t\t\t\t<\/div>\n\t\t<\/div>\n\t\t\t\t\t\t\t<\/div>\n\t\t<\/section>\n\t\t\t\t\t\t<\/div>\n\t\t\t\t\t<\/div>\n\t\t","protected":false},"excerpt":{"rendered":"<p>Publicaciones 2010 CAP\u00cdTULOS DE LIBROS VIVAS MORENO, A. y MARTOS GARC\u00cdA, A. \u201cAn\u00e1lisis metodol\u00f3gico de un centro de documentaci\u00f3n para los estudios de lectura\u201d En; R\u00d6SING T. M.K y REETTENMAIER, M. (eds.) Biblioteca, Lectura y Multimedia. Universidade de Passo Fundo, 2010. ART\u00cdCULOS CIENT\u00cdFICOS VIVAS MORENO, A. y DOS SANTOS MARQU\u00c9S, J.A. \u201cAn\u00e1lisis de contenido de [&hellip;]<\/p>\n","protected":false},"author":2,"featured_media":0,"parent":1274,"menu_order":8,"comment_status":"closed","ping_status":"closed","template":"","meta":[],"_links":{"self":[{"href":"http:\/\/ardopa.unex.es\/wordpress\/wp-json\/wp\/v2\/pages\/1729"}],"collection":[{"href":"http:\/\/ardopa.unex.es\/wordpress\/wp-json\/wp\/v2\/pages"}],"about":[{"href":"http:\/\/ardopa.unex.es\/wordpress\/wp-json\/wp\/v2\/types\/page"}],"author":[{"embeddable":true,"href":"http:\/\/ardopa.unex.es\/wordpress\/wp-json\/wp\/v2\/users\/2"}],"replies":[{"embeddable":true,"href":"http:\/\/ardopa.unex.es\/wordpress\/wp-json\/wp\/v2\/comments?post=1729"}],"version-history":[{"count":8,"href":"http:\/\/ardopa.unex.es\/wordpress\/wp-json\/wp\/v2\/pages\/1729\/revisions"}],"predecessor-version":[{"id":2932,"href":"http:\/\/ardopa.unex.es\/wordpress\/wp-json\/wp\/v2\/pages\/1729\/revisions\/2932"}],"up":[{"embeddable":true,"href":"http:\/\/ardopa.unex.es\/wordpress\/wp-json\/wp\/v2\/pages\/1274"}],"wp:attachment":[{"href":"http:\/\/ardopa.unex.es\/wordpress\/wp-json\/wp\/v2\/media?parent=1729"}],"curies":[{"name":"wp","href":"https:\/\/api.w.org\/{rel}","templated":true}]}}