{"id":1973,"date":"2018-04-04T10:20:27","date_gmt":"2018-04-04T10:20:27","guid":{"rendered":"http:\/\/ardopa.unex.es\/wordpress\/?page_id=1973"},"modified":"2021-10-13T19:20:51","modified_gmt":"2021-10-13T17:20:51","slug":"proyectos-competitivos","status":"publish","type":"page","link":"http:\/\/ardopa.unex.es\/wordpress\/proyectos\/proyectos-competitivos\/","title":{"rendered":"Proyectos Competitivos"},"content":{"rendered":"\t\t<div data-elementor-type=\"wp-post\" data-elementor-id=\"1973\" class=\"elementor elementor-1973\" data-elementor-settings=\"[]\">\n\t\t\t\t\t\t\t<div class=\"elementor-section-wrap\">\n\t\t\t\t\t\t\t<section class=\"elementor-section elementor-top-section elementor-element elementor-element-4624da00 elementor-section-stretched elementor-section-boxed elementor-section-height-default elementor-section-height-default\" data-id=\"4624da00\" data-element_type=\"section\" data-settings=\"{&quot;stretch_section&quot;:&quot;section-stretched&quot;}\">\n\t\t\t\t\t\t<div class=\"elementor-container elementor-column-gap-default\">\n\t\t\t\t\t<div class=\"elementor-column elementor-col-100 elementor-top-column elementor-element elementor-element-4c0c986e\" data-id=\"4c0c986e\" data-element_type=\"column\">\n\t\t\t<div class=\"elementor-widget-wrap elementor-element-populated\">\n\t\t\t\t\t\t\t\t<div class=\"elementor-element elementor-element-3e83f198 elementor-widget elementor-widget-spacer\" data-id=\"3e83f198\" data-element_type=\"widget\" data-widget_type=\"spacer.default\">\n\t\t\t\t<div class=\"elementor-widget-container\">\n\t\t\t\t\t<div class=\"elementor-spacer\">\n\t\t\t<div class=\"elementor-spacer-inner\"><\/div>\n\t\t<\/div>\n\t\t\t\t<\/div>\n\t\t\t\t<\/div>\n\t\t\t\t<div class=\"elementor-element elementor-element-2893069c elementor-widget elementor-widget-heading\" data-id=\"2893069c\" data-element_type=\"widget\" data-widget_type=\"heading.default\">\n\t\t\t\t<div class=\"elementor-widget-container\">\n\t\t\t<h3 class=\"elementor-heading-title elementor-size-large\">proyectos\n<\/h3>\t\t<\/div>\n\t\t\t\t<\/div>\n\t\t\t\t<div class=\"elementor-element elementor-element-1dcea362 elementor-widget-divider--view-line elementor-widget elementor-widget-divider\" data-id=\"1dcea362\" data-element_type=\"widget\" data-widget_type=\"divider.default\">\n\t\t\t\t<div class=\"elementor-widget-container\">\n\t\t\t\t\t<div class=\"elementor-divider\">\n\t\t\t<span class=\"elementor-divider-separator\">\n\t\t\t\t\t\t<\/span>\n\t\t<\/div>\n\t\t\t\t<\/div>\n\t\t\t\t<\/div>\n\t\t\t\t\t<\/div>\n\t\t<\/div>\n\t\t\t\t\t\t\t<\/div>\n\t\t<\/section>\n\t\t\t\t<section class=\"elementor-section elementor-top-section elementor-element elementor-element-669261e0 elementor-section-boxed elementor-section-height-default elementor-section-height-default\" data-id=\"669261e0\" data-element_type=\"section\">\n\t\t\t\t\t\t<div class=\"elementor-container elementor-column-gap-default\">\n\t\t\t\t\t<div class=\"elementor-column elementor-col-50 elementor-top-column elementor-element elementor-element-4a9f72a3\" data-id=\"4a9f72a3\" data-element_type=\"column\">\n\t\t\t<div class=\"elementor-widget-wrap elementor-element-populated\">\n\t\t\t\t\t\t\t\t<div class=\"elementor-element elementor-element-2d7e8ba8 elementor-align-center elementor-widget elementor-widget-button\" data-id=\"2d7e8ba8\" data-element_type=\"widget\" data-widget_type=\"button.default\">\n\t\t\t\t<div class=\"elementor-widget-container\">\n\t\t\t\t\t<div class=\"elementor-button-wrapper\">\n\t\t\t<a href=\"http:\/\/ardopa.unex.es\/wordpress\/proyectos-competitivos\/\" class=\"elementor-button-link elementor-button elementor-size-sm elementor-animation-float\" role=\"button\">\n\t\t\t\t\t\t<span class=\"elementor-button-content-wrapper\">\n\t\t\t\t\t\t<span class=\"elementor-button-text\">Competitivos<\/span>\n\t\t<\/span>\n\t\t\t\t\t<\/a>\n\t\t<\/div>\n\t\t\t\t<\/div>\n\t\t\t\t<\/div>\n\t\t\t\t\t<\/div>\n\t\t<\/div>\n\t\t\t\t<div class=\"elementor-column elementor-col-50 elementor-top-column elementor-element elementor-element-b1d202d\" data-id=\"b1d202d\" data-element_type=\"column\">\n\t\t\t<div class=\"elementor-widget-wrap elementor-element-populated\">\n\t\t\t\t\t\t\t\t<div class=\"elementor-element elementor-element-d0f5008 elementor-align-center elementor-widget elementor-widget-button\" data-id=\"d0f5008\" data-element_type=\"widget\" data-widget_type=\"button.default\">\n\t\t\t\t<div class=\"elementor-widget-container\">\n\t\t\t\t\t<div class=\"elementor-button-wrapper\">\n\t\t\t<a href=\"http:\/\/ardopa.unex.es\/wordpress\/proyectos-no-competitivos\/\" class=\"elementor-button-link elementor-button elementor-size-sm elementor-animation-float\" role=\"button\">\n\t\t\t\t\t\t<span class=\"elementor-button-content-wrapper\">\n\t\t\t\t\t\t<span class=\"elementor-button-text\">No competitivos<\/span>\n\t\t<\/span>\n\t\t\t\t\t<\/a>\n\t\t<\/div>\n\t\t\t\t<\/div>\n\t\t\t\t<\/div>\n\t\t\t\t\t<\/div>\n\t\t<\/div>\n\t\t\t\t\t\t\t<\/div>\n\t\t<\/section>\n\t\t\t\t<section class=\"elementor-section elementor-top-section elementor-element elementor-element-350ef94 elementor-section-boxed elementor-section-height-default elementor-section-height-default\" data-id=\"350ef94\" data-element_type=\"section\">\n\t\t\t\t\t\t<div class=\"elementor-container elementor-column-gap-default\">\n\t\t\t\t\t<div class=\"elementor-column elementor-col-25 elementor-top-column elementor-element elementor-element-fbb4847\" data-id=\"fbb4847\" data-element_type=\"column\">\n\t\t\t<div class=\"elementor-widget-wrap elementor-element-populated\">\n\t\t\t\t\t\t\t\t<div class=\"elementor-element elementor-element-54b9ea00 elementor-align-center elementor-widget elementor-widget-button\" data-id=\"54b9ea00\" data-element_type=\"widget\" data-widget_type=\"button.default\">\n\t\t\t\t<div class=\"elementor-widget-container\">\n\t\t\t\t\t<div class=\"elementor-button-wrapper\">\n\t\t\t<a href=\"http:\/\/ardopa.unex.es\/wordpress\/proyectos\/proyectos-competitivos\/gestion-documental\/\" class=\"elementor-button-link elementor-button elementor-size-sm elementor-animation-float\" role=\"button\">\n\t\t\t\t\t\t<span class=\"elementor-button-content-wrapper\">\n\t\t\t\t\t\t<span class=\"elementor-button-text\">Gesti\u00f3n Documental<\/span>\n\t\t<\/span>\n\t\t\t\t\t<\/a>\n\t\t<\/div>\n\t\t\t\t<\/div>\n\t\t\t\t<\/div>\n\t\t\t\t\t<\/div>\n\t\t<\/div>\n\t\t\t\t<div class=\"elementor-column elementor-col-25 elementor-top-column elementor-element elementor-element-29f92f8\" data-id=\"29f92f8\" data-element_type=\"column\">\n\t\t\t<div class=\"elementor-widget-wrap elementor-element-populated\">\n\t\t\t\t\t\t\t\t<div class=\"elementor-element elementor-element-789b58d7 elementor-align-center elementor-widget elementor-widget-button\" data-id=\"789b58d7\" data-element_type=\"widget\" data-widget_type=\"button.default\">\n\t\t\t\t<div class=\"elementor-widget-container\">\n\t\t\t\t\t<div class=\"elementor-button-wrapper\">\n\t\t\t<a href=\"http:\/\/ardopa.unex.es\/wordpress\/proyectos\/proyectos-competitivos\/observatorios-de-lectura-y-escritura\/\" class=\"elementor-button-link elementor-button elementor-size-sm elementor-animation-float\" role=\"button\">\n\t\t\t\t\t\t<span class=\"elementor-button-content-wrapper\">\n\t\t\t\t\t\t<span class=\"elementor-button-text\">Observatorio de lectura<\/span>\n\t\t<\/span>\n\t\t\t\t\t<\/a>\n\t\t<\/div>\n\t\t\t\t<\/div>\n\t\t\t\t<\/div>\n\t\t\t\t\t<\/div>\n\t\t<\/div>\n\t\t\t\t<div class=\"elementor-column elementor-col-25 elementor-top-column elementor-element elementor-element-0b03b5c\" data-id=\"0b03b5c\" data-element_type=\"column\">\n\t\t\t<div class=\"elementor-widget-wrap elementor-element-populated\">\n\t\t\t\t\t\t\t\t<div class=\"elementor-element elementor-element-795f0026 elementor-align-center elementor-widget elementor-widget-button\" data-id=\"795f0026\" data-element_type=\"widget\" data-widget_type=\"button.default\">\n\t\t\t\t<div class=\"elementor-widget-container\">\n\t\t\t\t\t<div class=\"elementor-button-wrapper\">\n\t\t\t<a href=\"http:\/\/ardopa.unex.es\/wordpress\/proyectos\/proyectos-competitivos\/produccion-audiovisual\/\" class=\"elementor-button-link elementor-button elementor-size-sm elementor-animation-float\" role=\"button\">\n\t\t\t\t\t\t<span class=\"elementor-button-content-wrapper\">\n\t\t\t\t\t\t<span class=\"elementor-button-text\">Producci\u00f3n Audiovisual<\/span>\n\t\t<\/span>\n\t\t\t\t\t<\/a>\n\t\t<\/div>\n\t\t\t\t<\/div>\n\t\t\t\t<\/div>\n\t\t\t\t\t<\/div>\n\t\t<\/div>\n\t\t\t\t<div class=\"elementor-column elementor-col-25 elementor-top-column elementor-element elementor-element-f7f145b\" data-id=\"f7f145b\" data-element_type=\"column\">\n\t\t\t<div class=\"elementor-widget-wrap elementor-element-populated\">\n\t\t\t\t\t\t\t\t<div class=\"elementor-element elementor-element-3a71b0d8 elementor-align-center elementor-widget elementor-widget-button\" data-id=\"3a71b0d8\" data-element_type=\"widget\" data-widget_type=\"button.default\">\n\t\t\t\t<div class=\"elementor-widget-container\">\n\t\t\t\t\t<div class=\"elementor-button-wrapper\">\n\t\t\t<a href=\"http:\/\/ardopa.unex.es\/wordpress\/proyectos\/proyectos-competitivos\/divulgacion-cientifica\/\" class=\"elementor-button-link elementor-button elementor-size-sm elementor-animation-float\" role=\"button\">\n\t\t\t\t\t\t<span class=\"elementor-button-content-wrapper\">\n\t\t\t\t\t\t<span class=\"elementor-button-text\">Divulgaci\u00f3n Cient\u00edfica<\/span>\n\t\t<\/span>\n\t\t\t\t\t<\/a>\n\t\t<\/div>\n\t\t\t\t<\/div>\n\t\t\t\t<\/div>\n\t\t\t\t\t<\/div>\n\t\t<\/div>\n\t\t\t\t\t\t\t<\/div>\n\t\t<\/section>\n\t\t\t\t<section class=\"elementor-section elementor-top-section elementor-element elementor-element-66dba00d elementor-section-stretched elementor-section-full_width elementor-section-height-default elementor-section-height-default\" data-id=\"66dba00d\" data-element_type=\"section\" data-settings=\"{&quot;stretch_section&quot;:&quot;section-stretched&quot;}\">\n\t\t\t\t\t\t<div class=\"elementor-container elementor-column-gap-default\">\n\t\t\t\t\t<div class=\"elementor-column elementor-col-100 elementor-top-column elementor-element elementor-element-1c015b57\" data-id=\"1c015b57\" data-element_type=\"column\">\n\t\t\t<div class=\"elementor-widget-wrap elementor-element-populated\">\n\t\t\t\t\t\t\t\t<div class=\"elementor-element elementor-element-45cd8233 elementor-widget elementor-widget-spacer\" data-id=\"45cd8233\" data-element_type=\"widget\" data-widget_type=\"spacer.default\">\n\t\t\t\t<div class=\"elementor-widget-container\">\n\t\t\t\t\t<div class=\"elementor-spacer\">\n\t\t\t<div class=\"elementor-spacer-inner\"><\/div>\n\t\t<\/div>\n\t\t\t\t<\/div>\n\t\t\t\t<\/div>\n\t\t\t\t\t<\/div>\n\t\t<\/div>\n\t\t\t\t\t\t\t<\/div>\n\t\t<\/section>\n\t\t\t\t<section class=\"elementor-section elementor-top-section elementor-element elementor-element-11372399 elementor-section-full_width elementor-section-stretched elementor-section-height-default elementor-section-height-default\" data-id=\"11372399\" data-element_type=\"section\" data-settings=\"{&quot;stretch_section&quot;:&quot;section-stretched&quot;}\">\n\t\t\t\t\t\t<div class=\"elementor-container elementor-column-gap-default\">\n\t\t\t\t\t<div class=\"elementor-column elementor-col-20 elementor-top-column elementor-element elementor-element-6b706de8\" data-id=\"6b706de8\" data-element_type=\"column\">\n\t\t\t<div class=\"elementor-widget-wrap elementor-element-populated\">\n\t\t\t\t\t\t\t\t<div class=\"elementor-element elementor-element-2438ebf elementor-position-top elementor-vertical-align-top elementor-widget elementor-widget-image-box\" data-id=\"2438ebf\" data-element_type=\"widget\" data-widget_type=\"image-box.default\">\n\t\t\t\t<div class=\"elementor-widget-container\">\n\t\t\t<div class=\"elementor-image-box-wrapper\"><figure class=\"elementor-image-box-img\"><a href=\"https:\/\/patrimonioinmaterialextremadura.es\/\"><img width=\"372\" height=\"77\" src=\"http:\/\/ardopa.unex.es\/wordpress\/wp-content\/uploads\/2021\/10\/Web_PCIE-e1634125085934.png\" class=\"attachment-full size-full\" alt=\"\" loading=\"lazy\" \/><\/a><\/figure><div class=\"elementor-image-box-content\"><h3 class=\"elementor-image-box-title\"><a href=\"https:\/\/patrimonioinmaterialextremadura.es\/\">Patrimonio Cultural Inmaterial de Extremadura<\/a><\/h3><p class=\"elementor-image-box-description\">Elaboraci\u00f3n de un Sistema de Informaci\u00f3n georreferenciado y multimedia, sobre diverso Patrimonio Inmaterial de Extremadura<\/p><\/div><\/div>\t\t<\/div>\n\t\t\t\t<\/div>\n\t\t\t\t<div class=\"elementor-element elementor-element-38bc9e25 elementor-position-top elementor-vertical-align-top elementor-widget elementor-widget-image-box\" data-id=\"38bc9e25\" data-element_type=\"widget\" data-widget_type=\"image-box.default\">\n\t\t\t\t<div class=\"elementor-widget-container\">\n\t\t\t<div class=\"elementor-image-box-wrapper\"><figure class=\"elementor-image-box-img\"><img width=\"490\" height=\"380\" src=\"http:\/\/ardopa.unex.es\/wordpress\/wp-content\/uploads\/2018\/04\/JUNTADEEXTREMADURA.png\" class=\"attachment-full size-full\" alt=\"\" loading=\"lazy\" srcset=\"http:\/\/ardopa.unex.es\/wordpress\/wp-content\/uploads\/2018\/04\/JUNTADEEXTREMADURA.png 490w, http:\/\/ardopa.unex.es\/wordpress\/wp-content\/uploads\/2018\/04\/JUNTADEEXTREMADURA-300x233.png 300w\" sizes=\"(max-width: 490px) 100vw, 490px\" \/><\/figure><div class=\"elementor-image-box-content\"><h3 class=\"elementor-image-box-title\">Consejer\u00eda Portavoz<\/h3><p class=\"elementor-image-box-description\">Producci\u00f3n de programas de radio y televisi\u00f3n sobre tem\u00e1tica universitaria en la Universidad de Extremadura<\/p><\/div><\/div>\t\t<\/div>\n\t\t\t\t<\/div>\n\t\t\t\t\t<\/div>\n\t\t<\/div>\n\t\t\t\t<div class=\"elementor-column elementor-col-20 elementor-top-column elementor-element elementor-element-318b04c9\" data-id=\"318b04c9\" data-element_type=\"column\">\n\t\t\t<div class=\"elementor-widget-wrap elementor-element-populated\">\n\t\t\t\t\t\t\t\t<div class=\"elementor-element elementor-element-45fdbe89 elementor-position-top elementor-vertical-align-top elementor-widget elementor-widget-image-box\" data-id=\"45fdbe89\" data-element_type=\"widget\" data-widget_type=\"image-box.default\">\n\t\t\t\t<div class=\"elementor-widget-container\">\n\t\t\t<div class=\"elementor-image-box-wrapper\"><figure class=\"elementor-image-box-img\"><img width=\"490\" height=\"380\" src=\"http:\/\/ardopa.unex.es\/wordpress\/wp-content\/uploads\/2018\/04\/ministerio.png\" class=\"attachment-full size-full\" alt=\"\" loading=\"lazy\" srcset=\"http:\/\/ardopa.unex.es\/wordpress\/wp-content\/uploads\/2018\/04\/ministerio.png 490w, http:\/\/ardopa.unex.es\/wordpress\/wp-content\/uploads\/2018\/04\/ministerio-300x233.png 300w\" sizes=\"(max-width: 490px) 100vw, 490px\" \/><\/figure><div class=\"elementor-image-box-content\"><h3 class=\"elementor-image-box-title\">Ministerio de Educaci\u00f3n<\/h3><p class=\"elementor-image-box-description\">Dise\u00f1o de consultor\u00edas de lectura y escrituras acad\u00e9micas como apoyo integrado a la docencia y el aprendizaje universitarios<\/p><\/div><\/div>\t\t<\/div>\n\t\t\t\t<\/div>\n\t\t\t\t\t<\/div>\n\t\t<\/div>\n\t\t\t\t<div class=\"elementor-column elementor-col-20 elementor-top-column elementor-element elementor-element-3f2c3b91\" data-id=\"3f2c3b91\" data-element_type=\"column\">\n\t\t\t<div class=\"elementor-widget-wrap elementor-element-populated\">\n\t\t\t\t\t\t\t\t<div class=\"elementor-element elementor-element-4a6d85cb elementor-position-top elementor-vertical-align-top elementor-widget elementor-widget-image-box\" data-id=\"4a6d85cb\" data-element_type=\"widget\" data-widget_type=\"image-box.default\">\n\t\t\t\t<div class=\"elementor-widget-container\">\n\t\t\t<div class=\"elementor-image-box-wrapper\"><figure class=\"elementor-image-box-img\"><a href=\"https:\/\/www.unex.es\/\"><img width=\"490\" height=\"380\" src=\"http:\/\/ardopa.unex.es\/wordpress\/wp-content\/uploads\/2018\/04\/UEx_universidaddeextremadura.png\" class=\"attachment-full size-full\" alt=\"\" loading=\"lazy\" srcset=\"http:\/\/ardopa.unex.es\/wordpress\/wp-content\/uploads\/2018\/04\/UEx_universidaddeextremadura.png 490w, http:\/\/ardopa.unex.es\/wordpress\/wp-content\/uploads\/2018\/04\/UEx_universidaddeextremadura-300x233.png 300w\" sizes=\"(max-width: 490px) 100vw, 490px\" \/><\/a><\/figure><div class=\"elementor-image-box-content\"><h3 class=\"elementor-image-box-title\"><a href=\"https:\/\/www.unex.es\/\">Universidad de Extremadura<\/a><\/h3><p class=\"elementor-image-box-description\">Recopilaci\u00f3n de encuestas e informaci\u00f3n para la confecci\u00f3n de un Centro de Documentaci\u00f3n de J\u00f3venes y Deporte<\/p><\/div><\/div>\t\t<\/div>\n\t\t\t\t<\/div>\n\t\t\t\t\t<\/div>\n\t\t<\/div>\n\t\t\t\t<div class=\"elementor-column elementor-col-20 elementor-top-column elementor-element elementor-element-3f949cfb\" data-id=\"3f949cfb\" data-element_type=\"column\">\n\t\t\t<div class=\"elementor-widget-wrap elementor-element-populated\">\n\t\t\t\t\t\t\t\t<div class=\"elementor-element elementor-element-3a21012 elementor-position-top elementor-vertical-align-top elementor-widget elementor-widget-image-box\" data-id=\"3a21012\" data-element_type=\"widget\" data-widget_type=\"image-box.default\">\n\t\t\t\t<div class=\"elementor-widget-container\">\n\t\t\t<div class=\"elementor-image-box-wrapper\"><figure class=\"elementor-image-box-img\"><a href=\"http:\/\/www.juntaex.es\/web\/\"><img width=\"490\" height=\"380\" src=\"http:\/\/ardopa.unex.es\/wordpress\/wp-content\/uploads\/2018\/04\/JUNTADEEXTREMADURA.png\" class=\"attachment-full size-full\" alt=\"\" loading=\"lazy\" srcset=\"http:\/\/ardopa.unex.es\/wordpress\/wp-content\/uploads\/2018\/04\/JUNTADEEXTREMADURA.png 490w, http:\/\/ardopa.unex.es\/wordpress\/wp-content\/uploads\/2018\/04\/JUNTADEEXTREMADURA-300x233.png 300w\" sizes=\"(max-width: 490px) 100vw, 490px\" \/><\/a><\/figure><div class=\"elementor-image-box-content\"><h3 class=\"elementor-image-box-title\"><a href=\"http:\/\/www.juntaex.es\/web\/\">Junta de Extremadura<\/a><\/h3><p class=\"elementor-image-box-description\">Ayudas para la realizaci\u00f3n de actividades de Investigaci\u00f3n y Desarrollo Tecnol\u00f3gico, de divulgaci\u00f3n y de transferencia de conocimiento por los grupos de investigaci\u00f3n de Extremadura<\/p><\/div><\/div>\t\t<\/div>\n\t\t\t\t<\/div>\n\t\t\t\t\t<\/div>\n\t\t<\/div>\n\t\t\t\t<div class=\"elementor-column elementor-col-20 elementor-top-column elementor-element elementor-element-77d2f193\" data-id=\"77d2f193\" data-element_type=\"column\">\n\t\t\t<div class=\"elementor-widget-wrap elementor-element-populated\">\n\t\t\t\t\t\t\t\t<div class=\"elementor-element elementor-element-67d4e73b elementor-position-top elementor-vertical-align-top elementor-widget elementor-widget-image-box\" data-id=\"67d4e73b\" data-element_type=\"widget\" data-widget_type=\"image-box.default\">\n\t\t\t\t<div class=\"elementor-widget-container\">\n\t\t\t<div class=\"elementor-image-box-wrapper\"><figure class=\"elementor-image-box-img\"><a href=\"https:\/\/saludextremadura.ses.es\/incoex\/\"><img width=\"490\" height=\"380\" src=\"http:\/\/ardopa.unex.es\/wordpress\/wp-content\/uploads\/2018\/04\/INSTITUTO-DE-CONSUMO.png\" class=\"attachment-full size-full\" alt=\"\" loading=\"lazy\" srcset=\"http:\/\/ardopa.unex.es\/wordpress\/wp-content\/uploads\/2018\/04\/INSTITUTO-DE-CONSUMO.png 490w, http:\/\/ardopa.unex.es\/wordpress\/wp-content\/uploads\/2018\/04\/INSTITUTO-DE-CONSUMO-300x233.png 300w\" sizes=\"(max-width: 490px) 100vw, 490px\" \/><\/a><\/figure><div class=\"elementor-image-box-content\"><h3 class=\"elementor-image-box-title\"><a href=\"https:\/\/saludextremadura.ses.es\/incoex\/\">Instituto de Consumo de Extremadura<\/a><\/h3><p class=\"elementor-image-box-description\">Organizaci\u00f3n y descripci\u00f3n de la documentaci\u00f3n generada por el Instituto de Consumo de la Junta de Extremadura<\/p><\/div><\/div>\t\t<\/div>\n\t\t\t\t<\/div>\n\t\t\t\t\t<\/div>\n\t\t<\/div>\n\t\t\t\t\t\t\t<\/div>\n\t\t<\/section>\n\t\t\t\t\t\t<\/div>\n\t\t\t\t\t<\/div>\n\t\t","protected":false},"excerpt":{"rendered":"<p>proyectos Competitivos No competitivos Gesti\u00f3n Documental Observatorio de lectura Producci\u00f3n Audiovisual Divulgaci\u00f3n Cient\u00edfica Patrimonio Cultural Inmaterial de Extremadura Elaboraci\u00f3n de un Sistema de Informaci\u00f3n georreferenciado y multimedia, sobre diverso Patrimonio Inmaterial de Extremadura Consejer\u00eda Portavoz Producci\u00f3n de programas de radio y televisi\u00f3n sobre tem\u00e1tica universitaria en la Universidad de Extremadura Ministerio de Educaci\u00f3n Dise\u00f1o de [&hellip;]<\/p>\n","protected":false},"author":2,"featured_media":0,"parent":13,"menu_order":1,"comment_status":"closed","ping_status":"closed","template":"","meta":[],"_links":{"self":[{"href":"http:\/\/ardopa.unex.es\/wordpress\/wp-json\/wp\/v2\/pages\/1973"}],"collection":[{"href":"http:\/\/ardopa.unex.es\/wordpress\/wp-json\/wp\/v2\/pages"}],"about":[{"href":"http:\/\/ardopa.unex.es\/wordpress\/wp-json\/wp\/v2\/types\/page"}],"author":[{"embeddable":true,"href":"http:\/\/ardopa.unex.es\/wordpress\/wp-json\/wp\/v2\/users\/2"}],"replies":[{"embeddable":true,"href":"http:\/\/ardopa.unex.es\/wordpress\/wp-json\/wp\/v2\/comments?post=1973"}],"version-history":[{"count":21,"href":"http:\/\/ardopa.unex.es\/wordpress\/wp-json\/wp\/v2\/pages\/1973\/revisions"}],"predecessor-version":[{"id":3246,"href":"http:\/\/ardopa.unex.es\/wordpress\/wp-json\/wp\/v2\/pages\/1973\/revisions\/3246"}],"up":[{"embeddable":true,"href":"http:\/\/ardopa.unex.es\/wordpress\/wp-json\/wp\/v2\/pages\/13"}],"wp:attachment":[{"href":"http:\/\/ardopa.unex.es\/wordpress\/wp-json\/wp\/v2\/media?parent=1973"}],"curies":[{"name":"wp","href":"https:\/\/api.w.org\/{rel}","templated":true}]}}