{"id":32,"date":"2018-01-15T12:02:11","date_gmt":"2018-01-15T12:02:11","guid":{"rendered":"http:\/\/ardopa.unex.es\/wordpress\/?page_id=32"},"modified":"2018-06-25T12:14:11","modified_gmt":"2018-06-25T12:14:11","slug":"servicios","status":"publish","type":"page","link":"http:\/\/ardopa.unex.es\/wordpress\/servicios\/","title":{"rendered":"Servicios"},"content":{"rendered":"\t\t<div data-elementor-type=\"wp-post\" data-elementor-id=\"32\" class=\"elementor elementor-32 elementor-bc-flex-widget\" data-elementor-settings=\"[]\">\n\t\t\t\t\t\t\t<div class=\"elementor-section-wrap\">\n\t\t\t\t\t\t\t<section class=\"elementor-section elementor-top-section elementor-element elementor-element-5a972d9b elementor-section-stretched elementor-section-boxed elementor-section-height-default elementor-section-height-default\" data-id=\"5a972d9b\" data-element_type=\"section\" data-settings=\"{&quot;stretch_section&quot;:&quot;section-stretched&quot;}\">\n\t\t\t\t\t\t<div class=\"elementor-container elementor-column-gap-default\">\n\t\t\t\t\t<div class=\"elementor-column elementor-col-100 elementor-top-column elementor-element elementor-element-85fc98d\" data-id=\"85fc98d\" data-element_type=\"column\">\n\t\t\t<div class=\"elementor-widget-wrap elementor-element-populated\">\n\t\t\t\t\t\t\t\t<div class=\"elementor-element elementor-element-0ed571d elementor-widget elementor-widget-spacer\" data-id=\"0ed571d\" data-element_type=\"widget\" data-widget_type=\"spacer.default\">\n\t\t\t\t<div class=\"elementor-widget-container\">\n\t\t\t\t\t<div class=\"elementor-spacer\">\n\t\t\t<div class=\"elementor-spacer-inner\"><\/div>\n\t\t<\/div>\n\t\t\t\t<\/div>\n\t\t\t\t<\/div>\n\t\t\t\t<div class=\"elementor-element elementor-element-352029e0 elementor-widget elementor-widget-heading\" data-id=\"352029e0\" data-element_type=\"widget\" data-widget_type=\"heading.default\">\n\t\t\t\t<div class=\"elementor-widget-container\">\n\t\t\t<h3 class=\"elementor-heading-title elementor-size-large\">qu\u00e9 ofrecemos\n<\/h3>\t\t<\/div>\n\t\t\t\t<\/div>\n\t\t\t\t<div class=\"elementor-element elementor-element-5f4938ba elementor-widget-divider--view-line elementor-widget elementor-widget-divider\" data-id=\"5f4938ba\" data-element_type=\"widget\" data-widget_type=\"divider.default\">\n\t\t\t\t<div class=\"elementor-widget-container\">\n\t\t\t\t\t<div class=\"elementor-divider\">\n\t\t\t<span class=\"elementor-divider-separator\">\n\t\t\t\t\t\t<\/span>\n\t\t<\/div>\n\t\t\t\t<\/div>\n\t\t\t\t<\/div>\n\t\t\t\t<section class=\"elementor-section elementor-inner-section elementor-element elementor-element-4b4259a0 elementor-section-boxed elementor-section-height-default elementor-section-height-default\" data-id=\"4b4259a0\" data-element_type=\"section\">\n\t\t\t\t\t\t<div class=\"elementor-container elementor-column-gap-wider\">\n\t\t\t\t\t<div class=\"elementor-column elementor-col-50 elementor-inner-column elementor-element elementor-element-1515ba7f\" data-id=\"1515ba7f\" data-element_type=\"column\">\n\t\t\t<div class=\"elementor-widget-wrap elementor-element-populated\">\n\t\t\t\t\t\t\t\t<div class=\"elementor-element elementor-element-66680186 elementor-position-left elementor-vertical-align-middle elementor-widget elementor-widget-image-box\" data-id=\"66680186\" data-element_type=\"widget\" data-widget_type=\"image-box.default\">\n\t\t\t\t<div class=\"elementor-widget-container\">\n\t\t\t<div class=\"elementor-image-box-wrapper\"><figure class=\"elementor-image-box-img\"><a href=\"http:\/\/ardopa.unex.es\/wordpress\/servicios\/gestion-del-patrimonio-historico-y-cultural\/\"><img width=\"512\" height=\"512\" src=\"http:\/\/ardopa.unex.es\/wordpress\/wp-content\/uploads\/2018\/03\/ink.png\" class=\"elementor-animation-grow attachment-full size-full\" alt=\"\" loading=\"lazy\" srcset=\"http:\/\/ardopa.unex.es\/wordpress\/wp-content\/uploads\/2018\/03\/ink.png 512w, http:\/\/ardopa.unex.es\/wordpress\/wp-content\/uploads\/2018\/03\/ink-150x150.png 150w, http:\/\/ardopa.unex.es\/wordpress\/wp-content\/uploads\/2018\/03\/ink-300x300.png 300w, http:\/\/ardopa.unex.es\/wordpress\/wp-content\/uploads\/2018\/03\/ink-400x400.png 400w, http:\/\/ardopa.unex.es\/wordpress\/wp-content\/uploads\/2018\/03\/ink-100x100.png 100w\" sizes=\"(max-width: 512px) 100vw, 512px\" \/><\/a><\/figure><div class=\"elementor-image-box-content\"><h3 class=\"elementor-image-box-title\"><a href=\"http:\/\/ardopa.unex.es\/wordpress\/servicios\/gestion-del-patrimonio-historico-y-cultural\/\">Gesti\u00f3n del Patrimonio Hist\u00f3rico y Cultural<\/a><\/h3><p class=\"elementor-image-box-description\">Aplicaci\u00f3n de las Tecnolog\u00edas de la Informaci\u00f3n y la Comunicaci\u00f3n (TIC) a la gesti\u00f3n del Patrimonio Hist\u00f3rico y Cultural, especialmente en las tareas de identificaci\u00f3n, conservaci\u00f3n y organizaci\u00f3n de la documentaci\u00f3n.<\/p><\/div><\/div>\t\t<\/div>\n\t\t\t\t<\/div>\n\t\t\t\t<div class=\"elementor-element elementor-element-3eff95da elementor-position-left elementor-vertical-align-middle elementor-widget elementor-widget-image-box\" data-id=\"3eff95da\" data-element_type=\"widget\" data-widget_type=\"image-box.default\">\n\t\t\t\t<div class=\"elementor-widget-container\">\n\t\t\t<div class=\"elementor-image-box-wrapper\"><figure class=\"elementor-image-box-img\"><a href=\"http:\/\/ardopa.unex.es\/wordpress\/observatorios-de-lectura-y-escritura\/\"><img width=\"512\" height=\"512\" src=\"http:\/\/ardopa.unex.es\/wordpress\/wp-content\/uploads\/2018\/03\/books.png\" class=\"elementor-animation-grow attachment-full size-full\" alt=\"\" loading=\"lazy\" srcset=\"http:\/\/ardopa.unex.es\/wordpress\/wp-content\/uploads\/2018\/03\/books.png 512w, http:\/\/ardopa.unex.es\/wordpress\/wp-content\/uploads\/2018\/03\/books-150x150.png 150w, http:\/\/ardopa.unex.es\/wordpress\/wp-content\/uploads\/2018\/03\/books-300x300.png 300w, http:\/\/ardopa.unex.es\/wordpress\/wp-content\/uploads\/2018\/03\/books-400x400.png 400w, http:\/\/ardopa.unex.es\/wordpress\/wp-content\/uploads\/2018\/03\/books-100x100.png 100w\" sizes=\"(max-width: 512px) 100vw, 512px\" \/><\/a><\/figure><div class=\"elementor-image-box-content\"><h3 class=\"elementor-image-box-title\"><a href=\"http:\/\/ardopa.unex.es\/wordpress\/observatorios-de-lectura-y-escritura\/\">Observatorios de Lectura y Escritura<\/a><\/h3><p class=\"elementor-image-box-description\">B\u00fasqueda, asesoramiento y servicio de referencia sobre lectura y escritura a trav\u00e9s del Centro de Documentaci\u00f3n de Lectura y Escritura, creado por el Grupo de Investigaci\u00f3n y que sirve a m\u00e1s de cincuenta universidades a trav\u00e9s de la Red de Universidades Lectoras.<\/p><\/div><\/div>\t\t<\/div>\n\t\t\t\t<\/div>\n\t\t\t\t\t<\/div>\n\t\t<\/div>\n\t\t\t\t<div class=\"elementor-column elementor-col-50 elementor-inner-column elementor-element elementor-element-b17db5a\" data-id=\"b17db5a\" data-element_type=\"column\">\n\t\t\t<div class=\"elementor-widget-wrap elementor-element-populated\">\n\t\t\t\t\t\t\t\t<div class=\"elementor-element elementor-element-22431d2 elementor-position-left elementor-vertical-align-middle elementor-widget elementor-widget-image-box\" data-id=\"22431d2\" data-element_type=\"widget\" data-widget_type=\"image-box.default\">\n\t\t\t\t<div class=\"elementor-widget-container\">\n\t\t\t<div class=\"elementor-image-box-wrapper\"><figure class=\"elementor-image-box-img\"><a href=\"http:\/\/ardopa.unex.es\/wordpress\/produccion-audiovisual\/\"><img width=\"512\" height=\"512\" src=\"http:\/\/ardopa.unex.es\/wordpress\/wp-content\/uploads\/2018\/03\/microphone.png\" class=\"elementor-animation-grow attachment-full size-full\" alt=\"\" loading=\"lazy\" srcset=\"http:\/\/ardopa.unex.es\/wordpress\/wp-content\/uploads\/2018\/03\/microphone.png 512w, http:\/\/ardopa.unex.es\/wordpress\/wp-content\/uploads\/2018\/03\/microphone-150x150.png 150w, http:\/\/ardopa.unex.es\/wordpress\/wp-content\/uploads\/2018\/03\/microphone-300x300.png 300w, http:\/\/ardopa.unex.es\/wordpress\/wp-content\/uploads\/2018\/03\/microphone-400x400.png 400w, http:\/\/ardopa.unex.es\/wordpress\/wp-content\/uploads\/2018\/03\/microphone-100x100.png 100w\" sizes=\"(max-width: 512px) 100vw, 512px\" \/><\/a><\/figure><div class=\"elementor-image-box-content\"><h3 class=\"elementor-image-box-title\"><a href=\"http:\/\/ardopa.unex.es\/wordpress\/produccion-audiovisual\/\">Producci\u00f3n Audiovisual<\/a><\/h3><p class=\"elementor-image-box-description\">Desarrollo de planes de comunicaci\u00f3n globales ofreciendo cobertura absoluta a cada proyecto con servicios integrales y parciales de producci\u00f3n audiovisual.<\/p><\/div><\/div>\t\t<\/div>\n\t\t\t\t<\/div>\n\t\t\t\t<div class=\"elementor-element elementor-element-6deecd72 elementor-position-left elementor-vertical-align-middle elementor-widget elementor-widget-image-box\" data-id=\"6deecd72\" data-element_type=\"widget\" data-widget_type=\"image-box.default\">\n\t\t\t\t<div class=\"elementor-widget-container\">\n\t\t\t<div class=\"elementor-image-box-wrapper\"><figure class=\"elementor-image-box-img\"><a href=\"http:\/\/ardopa.unex.es\/wordpress\/divulgacion-cientifica\/\"><img width=\"512\" height=\"512\" src=\"http:\/\/ardopa.unex.es\/wordpress\/wp-content\/uploads\/2018\/03\/atom.png\" class=\"elementor-animation-grow attachment-full size-full\" alt=\"\" loading=\"lazy\" srcset=\"http:\/\/ardopa.unex.es\/wordpress\/wp-content\/uploads\/2018\/03\/atom.png 512w, http:\/\/ardopa.unex.es\/wordpress\/wp-content\/uploads\/2018\/03\/atom-150x150.png 150w, http:\/\/ardopa.unex.es\/wordpress\/wp-content\/uploads\/2018\/03\/atom-300x300.png 300w, http:\/\/ardopa.unex.es\/wordpress\/wp-content\/uploads\/2018\/03\/atom-400x400.png 400w, http:\/\/ardopa.unex.es\/wordpress\/wp-content\/uploads\/2018\/03\/atom-100x100.png 100w\" sizes=\"(max-width: 512px) 100vw, 512px\" \/><\/a><\/figure><div class=\"elementor-image-box-content\"><h3 class=\"elementor-image-box-title\"><a href=\"http:\/\/ardopa.unex.es\/wordpress\/divulgacion-cientifica\/\">Divulgaci\u00f3n Cient\u00edfica<\/a><\/h3><p class=\"elementor-image-box-description\">Divulgaci\u00f3n cient\u00edfica y tecnol\u00f3gica a trav\u00e9s de contenidos dise\u00f1ados para acercar estas \u00e1reas del conocimiento a la sociedad haci\u00e9ndolos accesibles y cercanos.<\/p><\/div><\/div>\t\t<\/div>\n\t\t\t\t<\/div>\n\t\t\t\t<div class=\"elementor-element elementor-element-4a760c03 elementor-position-left elementor-vertical-align-middle elementor-widget elementor-widget-image-box\" data-id=\"4a760c03\" data-element_type=\"widget\" data-widget_type=\"image-box.default\">\n\t\t\t\t<div class=\"elementor-widget-container\">\n\t\t\t<div class=\"elementor-image-box-wrapper\"><figure class=\"elementor-image-box-img\"><a href=\"http:\/\/ardopa.unex.es\/wordpress\/formacion\/\"><img width=\"512\" height=\"512\" src=\"http:\/\/ardopa.unex.es\/wordpress\/wp-content\/uploads\/2018\/03\/mortarboard.png\" class=\"elementor-animation-grow attachment-full size-full\" alt=\"\" loading=\"lazy\" srcset=\"http:\/\/ardopa.unex.es\/wordpress\/wp-content\/uploads\/2018\/03\/mortarboard.png 512w, http:\/\/ardopa.unex.es\/wordpress\/wp-content\/uploads\/2018\/03\/mortarboard-150x150.png 150w, http:\/\/ardopa.unex.es\/wordpress\/wp-content\/uploads\/2018\/03\/mortarboard-300x300.png 300w, http:\/\/ardopa.unex.es\/wordpress\/wp-content\/uploads\/2018\/03\/mortarboard-400x400.png 400w, http:\/\/ardopa.unex.es\/wordpress\/wp-content\/uploads\/2018\/03\/mortarboard-100x100.png 100w\" sizes=\"(max-width: 512px) 100vw, 512px\" \/><\/a><\/figure><div class=\"elementor-image-box-content\"><h3 class=\"elementor-image-box-title\"><a href=\"http:\/\/ardopa.unex.es\/wordpress\/formacion\/\">Formaci\u00f3n Especializada<\/a><\/h3><p class=\"elementor-image-box-description\">Realizaci\u00f3n de cursos de formaci\u00f3n a instituciones y empresas en nuestras \u00e1reas de conocimiento, impartidos por un equipo de profesionales en activo.<\/p><\/div><\/div>\t\t<\/div>\n\t\t\t\t<\/div>\n\t\t\t\t\t<\/div>\n\t\t<\/div>\n\t\t\t\t\t\t\t<\/div>\n\t\t<\/section>\n\t\t\t\t\t<\/div>\n\t\t<\/div>\n\t\t\t\t\t\t\t<\/div>\n\t\t<\/section>\n\t\t\t\t<section class=\"elementor-section elementor-top-section elementor-element elementor-element-9543c0d elementor-section-boxed elementor-section-height-default elementor-section-height-default\" data-id=\"9543c0d\" data-element_type=\"section\">\n\t\t\t\t\t\t<div class=\"elementor-container elementor-column-gap-default\">\n\t\t\t\t\t<div class=\"elementor-column elementor-col-100 elementor-top-column elementor-element elementor-element-49d1827\" data-id=\"49d1827\" data-element_type=\"column\">\n\t\t\t<div class=\"elementor-widget-wrap elementor-element-populated\">\n\t\t\t\t\t\t\t\t<div class=\"elementor-element elementor-element-116c686 elementor-widget elementor-widget-spacer\" data-id=\"116c686\" data-element_type=\"widget\" data-widget_type=\"spacer.default\">\n\t\t\t\t<div class=\"elementor-widget-container\">\n\t\t\t\t\t<div class=\"elementor-spacer\">\n\t\t\t<div class=\"elementor-spacer-inner\"><\/div>\n\t\t<\/div>\n\t\t\t\t<\/div>\n\t\t\t\t<\/div>\n\t\t\t\t\t<\/div>\n\t\t<\/div>\n\t\t\t\t\t\t\t<\/div>\n\t\t<\/section>\n\t\t\t\t<section class=\"elementor-section elementor-top-section elementor-element elementor-element-57e4c21f elementor-section-stretched elementor-section-boxed elementor-section-height-default elementor-section-height-default\" data-id=\"57e4c21f\" data-element_type=\"section\" data-settings=\"{&quot;background_background&quot;:&quot;classic&quot;,&quot;stretch_section&quot;:&quot;section-stretched&quot;}\">\n\t\t\t\t\t\t<div class=\"elementor-container elementor-column-gap-default\">\n\t\t\t\t\t<div class=\"elementor-column elementor-col-100 elementor-top-column elementor-element elementor-element-332469d9\" data-id=\"332469d9\" data-element_type=\"column\">\n\t\t\t<div class=\"elementor-widget-wrap elementor-element-populated\">\n\t\t\t\t\t\t\t\t<div class=\"elementor-element elementor-element-4d23bc10 elementor-widget elementor-widget-spacer\" data-id=\"4d23bc10\" data-element_type=\"widget\" data-widget_type=\"spacer.default\">\n\t\t\t\t<div class=\"elementor-widget-container\">\n\t\t\t\t\t<div class=\"elementor-spacer\">\n\t\t\t<div class=\"elementor-spacer-inner\"><\/div>\n\t\t<\/div>\n\t\t\t\t<\/div>\n\t\t\t\t<\/div>\n\t\t\t\t<div class=\"elementor-element elementor-element-3470cac4 elementor-widget elementor-widget-heading\" data-id=\"3470cac4\" data-element_type=\"widget\" data-widget_type=\"heading.default\">\n\t\t\t\t<div class=\"elementor-widget-container\">\n\t\t\t<h2 class=\"elementor-heading-title elementor-size-large\">NUESTROS CLIENTES<\/h2>\t\t<\/div>\n\t\t\t\t<\/div>\n\t\t\t\t<div class=\"elementor-element elementor-element-bf0fa66 elementor-pagination-position-outside elementor-widget elementor-widget-image-carousel\" data-id=\"bf0fa66\" data-element_type=\"widget\" data-settings=\"{&quot;slides_to_show&quot;:&quot;6&quot;,&quot;navigation&quot;:&quot;dots&quot;,&quot;image_spacing_custom&quot;:{&quot;unit&quot;:&quot;px&quot;,&quot;size&quot;:&quot;80&quot;,&quot;sizes&quot;:[]},&quot;autoplay&quot;:&quot;yes&quot;,&quot;pause_on_hover&quot;:&quot;yes&quot;,&quot;pause_on_interaction&quot;:&quot;yes&quot;,&quot;autoplay_speed&quot;:5000,&quot;infinite&quot;:&quot;yes&quot;,&quot;speed&quot;:500}\" data-widget_type=\"image-carousel.default\">\n\t\t\t\t<div class=\"elementor-widget-container\">\n\t\t\t\t\t<div class=\"elementor-image-carousel-wrapper swiper-container\" dir=\"ltr\">\n\t\t\t<div class=\"elementor-image-carousel swiper-wrapper\">\n\t\t\t\t<div class=\"swiper-slide\"><figure class=\"swiper-slide-inner\"><img class=\"swiper-slide-image\" src=\"http:\/\/ardopa.unex.es\/wordpress\/wp-content\/uploads\/2018\/01\/diputaci\u00f3n-de-badajoz-blanco-2.png\" alt=\"diputaci\u00f3n de badajoz blanco 2\" \/><\/figure><\/div><div class=\"swiper-slide\"><figure class=\"swiper-slide-inner\"><img class=\"swiper-slide-image\" src=\"http:\/\/ardopa.unex.es\/wordpress\/wp-content\/uploads\/2018\/01\/ugt-bw-1.png\" alt=\"ugt bw 1\" \/><\/figure><\/div><div class=\"swiper-slide\"><figure class=\"swiper-slide-inner\"><img class=\"swiper-slide-image\" src=\"http:\/\/ardopa.unex.es\/wordpress\/wp-content\/uploads\/2018\/01\/muba-2.png\" alt=\"muba 2\" \/><\/figure><\/div><div class=\"swiper-slide\"><figure class=\"swiper-slide-inner\"><img class=\"swiper-slide-image\" src=\"http:\/\/ardopa.unex.es\/wordpress\/wp-content\/uploads\/2018\/01\/uex-blanco-m\u00e1s-chico.png\" alt=\"uex blanco m\u00e1s chico\" \/><\/figure><\/div><div class=\"swiper-slide\"><figure class=\"swiper-slide-inner\"><img class=\"swiper-slide-image\" src=\"http:\/\/ardopa.unex.es\/wordpress\/wp-content\/uploads\/2018\/01\/diputacion-de-avila-escala-de-grises.png\" alt=\"diputacion de avila escala de grises\" \/><\/figure><\/div><div class=\"swiper-slide\"><figure class=\"swiper-slide-inner\"><img class=\"swiper-slide-image\" src=\"http:\/\/ardopa.unex.es\/wordpress\/wp-content\/uploads\/2018\/01\/junta-de-extremadura-prueba.png\" alt=\"junta de extremadura prueba\" \/><\/figure><\/div><div class=\"swiper-slide\"><figure class=\"swiper-slide-inner\"><img class=\"swiper-slide-image\" src=\"http:\/\/ardopa.unex.es\/wordpress\/wp-content\/uploads\/2018\/01\/iberdrola.png\" alt=\"iberdrola\" \/><\/figure><\/div><div class=\"swiper-slide\"><figure class=\"swiper-slide-inner\"><img class=\"swiper-slide-image\" src=\"http:\/\/ardopa.unex.es\/wordpress\/wp-content\/uploads\/2018\/01\/fundecyt-3.png\" alt=\"fundecyt 3\" \/><\/figure><\/div>\t\t\t<\/div>\n\t\t\t\t\t\t\t\t\t\t\t\t<div class=\"swiper-pagination\"><\/div>\n\t\t\t\t\t\t\t\t\t\t\t\t\t<\/div>\n\t\t\t\t<\/div>\n\t\t\t\t<\/div>\n\t\t\t\t\t<\/div>\n\t\t<\/div>\n\t\t\t\t\t\t\t<\/div>\n\t\t<\/section>\n\t\t\t\t\t\t<\/div>\n\t\t\t\t\t<\/div>\n\t\t","protected":false},"excerpt":{"rendered":"<p>qu\u00e9 ofrecemos Gesti\u00f3n del Patrimonio Hist\u00f3rico y Cultural Aplicaci\u00f3n de las Tecnolog\u00edas de la Informaci\u00f3n y la Comunicaci\u00f3n (TIC) a la gesti\u00f3n del Patrimonio Hist\u00f3rico y Cultural, especialmente en las tareas de identificaci\u00f3n, conservaci\u00f3n y organizaci\u00f3n de la documentaci\u00f3n. Observatorios de Lectura y Escritura B\u00fasqueda, asesoramiento y servicio de referencia sobre lectura y escritura a [&hellip;]<\/p>\n","protected":false},"author":2,"featured_media":0,"parent":0,"menu_order":2,"comment_status":"closed","ping_status":"closed","template":"","meta":[],"_links":{"self":[{"href":"http:\/\/ardopa.unex.es\/wordpress\/wp-json\/wp\/v2\/pages\/32"}],"collection":[{"href":"http:\/\/ardopa.unex.es\/wordpress\/wp-json\/wp\/v2\/pages"}],"about":[{"href":"http:\/\/ardopa.unex.es\/wordpress\/wp-json\/wp\/v2\/types\/page"}],"author":[{"embeddable":true,"href":"http:\/\/ardopa.unex.es\/wordpress\/wp-json\/wp\/v2\/users\/2"}],"replies":[{"embeddable":true,"href":"http:\/\/ardopa.unex.es\/wordpress\/wp-json\/wp\/v2\/comments?post=32"}],"version-history":[{"count":141,"href":"http:\/\/ardopa.unex.es\/wordpress\/wp-json\/wp\/v2\/pages\/32\/revisions"}],"predecessor-version":[{"id":2923,"href":"http:\/\/ardopa.unex.es\/wordpress\/wp-json\/wp\/v2\/pages\/32\/revisions\/2923"}],"wp:attachment":[{"href":"http:\/\/ardopa.unex.es\/wordpress\/wp-json\/wp\/v2\/media?parent=32"}],"curies":[{"name":"wp","href":"https:\/\/api.w.org\/{rel}","templated":true}]}}