{"id":3791,"date":"2026-05-04T14:00:55","date_gmt":"2026-05-04T12:00:55","guid":{"rendered":"https:\/\/ardopa.unex.es\/wordpress\/?page_id=3791"},"modified":"2026-05-06T12:34:20","modified_gmt":"2026-05-06T10:34:20","slug":"2019-2","status":"publish","type":"page","link":"http:\/\/ardopa.unex.es\/wordpress\/2019-2\/","title":{"rendered":"2019"},"content":{"rendered":"\t\t<div data-elementor-type=\"wp-page\" data-elementor-id=\"3791\" class=\"elementor elementor-3791\" data-elementor-settings=\"[]\">\n\t\t\t\t\t\t\t<div class=\"elementor-section-wrap\">\n\t\t\t\t\t\t\t<section class=\"elementor-section elementor-top-section elementor-element elementor-element-be00f58 elementor-section-boxed elementor-section-height-default elementor-section-height-default\" data-id=\"be00f58\" data-element_type=\"section\">\n\t\t\t\t\t\t<div class=\"elementor-container elementor-column-gap-default\">\n\t\t\t\t\t<div class=\"elementor-column elementor-col-100 elementor-top-column elementor-element elementor-element-d9f9d42\" data-id=\"d9f9d42\" data-element_type=\"column\">\n\t\t\t<div class=\"elementor-widget-wrap elementor-element-populated\">\n\t\t\t\t\t\t\t\t<div class=\"elementor-element elementor-element-1af4920 elementor-widget elementor-widget-heading\" data-id=\"1af4920\" data-element_type=\"widget\" data-widget_type=\"heading.default\">\n\t\t\t\t<div class=\"elementor-widget-container\">\n\t\t\t<h3 class=\"elementor-heading-title elementor-size-large\">Publicaciones 2019<\/h3>\t\t<\/div>\n\t\t\t\t<\/div>\n\t\t\t\t<div class=\"elementor-element elementor-element-480c860 elementor-widget-divider--view-line elementor-widget elementor-widget-divider\" data-id=\"480c860\" data-element_type=\"widget\" data-widget_type=\"divider.default\">\n\t\t\t\t<div class=\"elementor-widget-container\">\n\t\t\t\t\t<div class=\"elementor-divider\">\n\t\t\t<span class=\"elementor-divider-separator\">\n\t\t\t\t\t\t<\/span>\n\t\t<\/div>\n\t\t\t\t<\/div>\n\t\t\t\t<\/div>\n\t\t\t\t\t<\/div>\n\t\t<\/div>\n\t\t\t\t\t\t\t<\/div>\n\t\t<\/section>\n\t\t\t\t<section class=\"elementor-section elementor-top-section elementor-element elementor-element-baaec01 elementor-section-boxed elementor-section-height-default elementor-section-height-default\" data-id=\"baaec01\" data-element_type=\"section\">\n\t\t\t\t\t\t<div class=\"elementor-container elementor-column-gap-default\">\n\t\t\t\t\t<div class=\"elementor-column elementor-col-100 elementor-top-column elementor-element elementor-element-c48a39f\" data-id=\"c48a39f\" data-element_type=\"column\">\n\t\t\t<div class=\"elementor-widget-wrap elementor-element-populated\">\n\t\t\t\t\t\t\t\t<div class=\"elementor-element elementor-element-efb88cc elementor-widget elementor-widget-text-editor\" data-id=\"efb88cc\" data-element_type=\"widget\" data-widget_type=\"text-editor.default\">\n\t\t\t\t<div class=\"elementor-widget-container\">\n\t\t\t\t\t<div class=\"elementor-text-editor elementor-clearfix\"><p style=\"padding-left: 30px; text-align: left;\"><b>LIBROS<\/b><\/p>\n<p>VIVAS MORENO, A. Fuentes documentales del seminario San At\u00f3n: Libro de Fundaci\u00f3n, Constituciones, Real C\u00e9dula y Provisi\u00f3n. Badajoz: L\u00ednea4.<\/p>\n<p>SANZ&nbsp; HERNANDO , C.&nbsp;<span style=\" \">El Ges, a la sombra de la Gestapo. La creaci\u00f3n en Burgos de los Servicios Secretos de Franco. Granada: Atrio<\/span><\/p>\n<p>&nbsp;<\/p>\n<p>&nbsp;<\/p>\n<p style=\"padding-left: 30px;\"><b>CAP\u00cdTULOS DE LIBROS<\/b><\/p>\n<p><span style=\"font-weight: 400;\">VIVAS MORENO, A.&nbsp;<\/span>\u00abIntroducci\u00f3n. La funci\u00f3n social de las Universidades y el acceso a los contenidos digitales en Espa\u00f1a\u201d En:&nbsp;<em>La funci\u00f3n social de las Universidades y el acceso a los contenidos digitales en Espa\u00f1a<\/em>. Ciudad de M\u00e9xico\/Madrid: UBIJUS \/REUS,<\/p>\n<p>ENCABO VERA, M.A.&nbsp;<span style=\"font-size: 12pt;\">:\u201cCr\u00f3nica de la propiedad intelectual en Espa\u00f1a\u201d. En&nbsp;<\/span><span style=\"font-size: 12pt; font-family: 'Times New Roman', serif;\">ANUARIO DE PROPIEDAD INTELECTUAL 2018<\/span><\/p>\n<p>ENCABO VERA, M.A.&nbsp;<span style=\"font-size: 12pt;\">\u201c<\/span>La legislaci\u00f3n de los Estados Unidos de Am\u00e9rica ante el reto digital<span style=\"font-size: 12pt; font-family: 'Times New Roman', serif;\">.<\/span><span style=\"font-size: 12pt;\">\u201d. En&nbsp;<\/span>ANUARIO DE PROPIEDAD INTELECTUAL 2018<span style=\"font-size: 12pt; font-family: 'Times New Roman', serif;\">&nbsp;<\/span><\/p>\n<p>ENCABO VERA, M.A. Propiedad intelectual y Universidades.&nbsp; En Propiedad Intelectual y acceso a la informaci\u00f3n digital. Nuevos desaf\u00edos para las Universidades espa\u00f1olas y portuguesas\u201d, publicado en la Colecci\u00f3n Iberoamericana de Derecho.<\/p>\n<p>SANZ&nbsp; HERNANDO , C. La leyenda del Alc\u00e1zar de Toledo: Guerra a la verdad en las cr\u00f3nicas portuguesas. En F. Al\u00eda Miranda, E. Higueras Casta\u00f1eda y A. Selva Iniesta (coord..), Hasta pronto, amigos de Espa\u00f1a: Las Brigadas Internacionales en el 80 aniversario de su despedida de la Guerra Civil (1938-2018) (pp. 209-229). Albacete: CEDOBI (Centro de Estudios y Documentaci\u00f3n de las Brigadas Internacionales)<\/p>\n<p><br><\/p>\n<p>&nbsp;<\/p>\n<p><b>&nbsp; &nbsp; &nbsp; &nbsp;ART\u00cdCULOS CIENT\u00cdFICOS<\/b><\/p>\n<p>VIVAS MORENO, A. \u201cMetodolog\u00eda para la confecci\u00f3n de un Sistema de Informaci\u00f3n Hist\u00f3rico Fotogr\u00e1fico para la Historia Local de Extremadura. El ejemplo de Los Santos de Maimona\u201d, Revista General de Informaci\u00f3n y Documentaci\u00f3n, 29, 1<\/p>\n<p>VIVAS MORENO, A. \u201cPresencia del escribano en la Extremadura de finales de la Edad Moderna a trav\u00e9s del interrogatorio de la Real Audiencia\u201d, Anales de Documentaci\u00f3n, 22, 2<\/p>\n<p>SANZ&nbsp; HERNANDO , C. \u00ab<span style=\"\">Estudios sobre el Mensaje Period\u00edstico. Apolog\u00eda del fascismo en la capital de la cruzada: \u00abDiario de Burgos\u00bb y \u00abEl Castellano\u00bb al servicio de la causa de Franco, 25(1), 511-527<\/span><\/p>\n<p>SANZ&nbsp; HERNANDO , C.&nbsp;<span style=\"\">Tr\u00edpodos. \u00abFranco en Portugal: la revitalizaci\u00f3n de los mitos franquistas para romper el cerco internacional, 44, 187-201. En coautor\u00eda con Ana Cabrera<\/span><span style=\"\"><\/span><\/p>\n<p>SANZ&nbsp; HERNANDO , C.&nbsp;<span style=\"\">Historia Actual Online. La Hoja del Lunes de Burgos, de \u00fatil semanario en la dictadura a prescindible en democracia, 48, 91-102<\/span><span style=\"\"><\/span><\/p><p><span style=\"text-align: justify;\">SANZ CABALLERO, I.M. Los proyectos de viviendas sindicales del hogar en Extremadura: un fondo por descubrir. Bolet\u00edn ANABAD, Vol. 69, n. 1.<\/span><span style=\"\"><\/span><\/p>\n<p>&nbsp;<\/p><\/div>\n\t\t\t\t<\/div>\n\t\t\t\t<\/div>\n\t\t\t\t<div class=\"elementor-element elementor-element-776cc13 elementor-widget elementor-widget-text-editor\" data-id=\"776cc13\" data-element_type=\"widget\" data-widget_type=\"text-editor.default\">\n\t\t\t\t<div class=\"elementor-widget-container\">\n\t\t\t\t\t<div class=\"elementor-text-editor elementor-clearfix\"><\/div>\n\t\t\t\t<\/div>\n\t\t\t\t<\/div>\n\t\t\t\t\t<\/div>\n\t\t<\/div>\n\t\t\t\t\t\t\t<\/div>\n\t\t<\/section>\n\t\t\t\t\t\t<\/div>\n\t\t\t\t\t<\/div>\n\t\t","protected":false},"excerpt":{"rendered":"<p>Publicaciones 2019 LIBROS VIVAS MORENO, A. Fuentes documentales del seminario San At\u00f3n: Libro de Fundaci\u00f3n, Constituciones, Real C\u00e9dula y Provisi\u00f3n. Badajoz: L\u00ednea4. SANZ&nbsp; HERNANDO , C.&nbsp;El Ges, a la sombra de la Gestapo. La creaci\u00f3n en Burgos de los Servicios Secretos de Franco. Granada: Atrio &nbsp; &nbsp; CAP\u00cdTULOS DE LIBROS VIVAS MORENO, A.&nbsp;\u00abIntroducci\u00f3n. La funci\u00f3n [&hellip;]<\/p>\n","protected":false},"author":2,"featured_media":0,"parent":0,"menu_order":0,"comment_status":"closed","ping_status":"closed","template":"","meta":[],"_links":{"self":[{"href":"http:\/\/ardopa.unex.es\/wordpress\/wp-json\/wp\/v2\/pages\/3791"}],"collection":[{"href":"http:\/\/ardopa.unex.es\/wordpress\/wp-json\/wp\/v2\/pages"}],"about":[{"href":"http:\/\/ardopa.unex.es\/wordpress\/wp-json\/wp\/v2\/types\/page"}],"author":[{"embeddable":true,"href":"http:\/\/ardopa.unex.es\/wordpress\/wp-json\/wp\/v2\/users\/2"}],"replies":[{"embeddable":true,"href":"http:\/\/ardopa.unex.es\/wordpress\/wp-json\/wp\/v2\/comments?post=3791"}],"version-history":[{"count":53,"href":"http:\/\/ardopa.unex.es\/wordpress\/wp-json\/wp\/v2\/pages\/3791\/revisions"}],"predecessor-version":[{"id":3875,"href":"http:\/\/ardopa.unex.es\/wordpress\/wp-json\/wp\/v2\/pages\/3791\/revisions\/3875"}],"wp:attachment":[{"href":"http:\/\/ardopa.unex.es\/wordpress\/wp-json\/wp\/v2\/media?parent=3791"}],"curies":[{"name":"wp","href":"https:\/\/api.w.org\/{rel}","templated":true}]}}