{"id":4117,"date":"2026-05-08T12:15:17","date_gmt":"2026-05-08T10:15:17","guid":{"rendered":"https:\/\/ardopa.unex.es\/wordpress\/?page_id=4117"},"modified":"2026-05-08T13:03:11","modified_gmt":"2026-05-08T11:03:11","slug":"elementor-4117","status":"publish","type":"page","link":"http:\/\/ardopa.unex.es\/wordpress\/elementor-4117\/","title":{"rendered":"2023"},"content":{"rendered":"\t\t<div data-elementor-type=\"wp-page\" data-elementor-id=\"4117\" class=\"elementor elementor-4117\" data-elementor-settings=\"[]\">\n\t\t\t\t\t\t\t<div class=\"elementor-section-wrap\">\n\t\t\t\t\t\t\t<section class=\"elementor-section elementor-top-section elementor-element elementor-element-f226c33 elementor-section-boxed elementor-section-height-default elementor-section-height-default\" data-id=\"f226c33\" data-element_type=\"section\">\n\t\t\t\t\t\t<div class=\"elementor-container elementor-column-gap-default\">\n\t\t\t\t\t<div class=\"elementor-column elementor-col-100 elementor-top-column elementor-element elementor-element-6014ce3f\" data-id=\"6014ce3f\" data-element_type=\"column\">\n\t\t\t<div class=\"elementor-widget-wrap elementor-element-populated\">\n\t\t\t\t\t\t\t\t<div class=\"elementor-element elementor-element-78fd5e59 elementor-widget elementor-widget-heading\" data-id=\"78fd5e59\" data-element_type=\"widget\" data-widget_type=\"heading.default\">\n\t\t\t\t<div class=\"elementor-widget-container\">\n\t\t\t<h3 class=\"elementor-heading-title elementor-size-large\">PUBLICACIONES 2023<\/h3>\t\t<\/div>\n\t\t\t\t<\/div>\n\t\t\t\t<div class=\"elementor-element elementor-element-3d418c03 elementor-widget-divider--view-line elementor-widget elementor-widget-divider\" data-id=\"3d418c03\" data-element_type=\"widget\" data-widget_type=\"divider.default\">\n\t\t\t\t<div class=\"elementor-widget-container\">\n\t\t\t\t\t<div class=\"elementor-divider\">\n\t\t\t<span class=\"elementor-divider-separator\">\n\t\t\t\t\t\t<\/span>\n\t\t<\/div>\n\t\t\t\t<\/div>\n\t\t\t\t<\/div>\n\t\t\t\t\t<\/div>\n\t\t<\/div>\n\t\t\t\t\t\t\t<\/div>\n\t\t<\/section>\n\t\t\t\t<section class=\"elementor-section elementor-top-section elementor-element elementor-element-48aca3ba elementor-section-boxed elementor-section-height-default elementor-section-height-default\" data-id=\"48aca3ba\" data-element_type=\"section\">\n\t\t\t\t\t\t<div class=\"elementor-container elementor-column-gap-default\">\n\t\t\t\t\t<div class=\"elementor-column elementor-col-100 elementor-top-column elementor-element elementor-element-2d400d0d\" data-id=\"2d400d0d\" data-element_type=\"column\">\n\t\t\t<div class=\"elementor-widget-wrap elementor-element-populated\">\n\t\t\t\t\t\t\t\t<div class=\"elementor-element elementor-element-1b4e3cbf elementor-widget elementor-widget-text-editor\" data-id=\"1b4e3cbf\" data-element_type=\"widget\" data-widget_type=\"text-editor.default\">\n\t\t\t\t<div class=\"elementor-widget-container\">\n\t\t\t\t\t<div class=\"elementor-text-editor elementor-clearfix\"><p style=\"padding-left: 30px; text-align: left;\"><strong>LIBROS<\/strong><\/p>\n<p>VIVAS MORENO, ; P\u00c9REZ ORTIZ, G.; P\u00c9REZ ORTIZ, R. La secularizaci\u00f3n en Badajoz en los ss.XVI-XVIII a trav\u00e9s del fondo conventual diocesano. pp. 1 \u2013 307. Madrid, Madrid, Comunidad de(Espa\u00f1a): McGraw Hill<\/p>\n<p>SANZ HERNANDO C. Historia de la Asociaci\u00f3n de la Prensa de Badajoz (191 6-2022). Valencia: Tirant lo Blanch<\/p>\n<div>\n<div style=\"text-align: justify;\"><span style=\"color: #000000; font-family: Arial, sans-serif;\"><span style=\"font-size: 18px;\">&nbsp;<\/span><\/span><\/div>\n<p style=\"padding-left: 30px;\"><b>CAP\u00cdTULOS DE LIBROS<\/b><\/p>\n<p>VIVAS MORENO, A.; ; P\u00c9REZ ORTIZ, G.; P\u00c9REZ ORTIZ, R. ET AL.&nbsp; Identificaci\u00f3n y an\u00e1lisis de&nbsp; series documentales para el estudio de gobierno y poder en los fondos catedralicios. En Villase\u00f1or Rodr\u00edguez, Isabel y S\u00e1nchez D\u00edez, Alicia (Eds). Espacios creativos y respuestas a los retos actuales en Informaci\u00f3n y Documentaci\u00f3n. pp. 41 \u2013 60. Madrid, Madrid, Comunidad de(Espa\u00f1a): Sind\u00e9resis,<\/p>\n<p>VIVAS MORENO, A. ; P\u00c9REZ ORTIZ, G.; P\u00c9REZ ORTIZ, R. ET AL. Identificaci\u00f3n y an\u00e1lisis de series documentales para el estudio de la econom\u00eda de la Orden de Alc\u00e1ntara en los Archivos Eclesi\u00e1sticos del Arzobispado de M\u00e9rida-Badajoz. En Villase\u00f1or Rodr\u00edguez, Isabel y S\u00e1nchez D\u00edez, Alicia (Eds). Espacios creativos y respuestas a los retos actuales en Informaci\u00f3n y Documentaci\u00f3n. pp. 69 \u2013 94. Madrid, Madrid, Comunidad de (Espa\u00f1a): Sind\u00e9resis,<\/p>\n<p>VIVAS MORENO, A.&nbsp; Los documentos del hallazgo de las reliquias de Hern\u00e1n Cort\u00e9s. En Muro Castillo, Matilde (Coord): El secreto. Hallazgo de reliquias de Hern\u00e1n Cort\u00e9s. pp. 115 \u2013 260. C\u00e1ceres, Extremadura(Espa\u00f1a): Uni\u00f3n de Bibli\u00f3filos Extreme\u00f1os,<\/p>\n<p>&nbsp;SANZ HERNANDO C.. \u00abPilar Narvi\u00f3n y Conchita Guerrero: la trayectoria period\u00edstica de las&nbsp;primeras corresponsales de&nbsp;<i>Pueblo<\/i>.\u00bb! En J. A. Yanes Mesa et al. (eds.)&nbsp;<i>La&nbsp;<\/i><i>Impronta personal en el buen periodismo<\/i>&nbsp;(pp. 91-113). Salamanca:&nbsp;Comunicaci\u00f3n Social.<\/p>\n<p>&nbsp;SANZ HERNANDO C La radio p\u00fablica local y el desaf\u00edo de la&nbsp;digitalizaci\u00f3n. Castilla-La Mancha como caso de estudio. En G alletero Campos,&nbsp;B. y Saiz Echezarreta,V. (Eds)<i>&nbsp;Territorio inexplorado: La Espa\u00f1a despoblada&nbsp;<\/i><i>y la comunicaci\u00f3n<\/i>&nbsp;(pp. 189-210). Madrid: Fragua.<\/p>\n<p>&nbsp;SANZ HERNANDO C .&nbsp;<span style=\"\">\u201cO falangistas o enemigos de Espa\u00f1a\u201d. El posicionamiento del peri\u00f3dico Hoy durante la Guerra Civil. En A. I. Ar\u00e9valo&nbsp;<\/span><span style=\"\">Salinas, A. Blanco Morett y A. Barranquero Carretero (eds),&nbsp;<\/span><i style=\"\">Comunicaci\u00f3n<br>para la paz ante los desaf\u00edos globales<\/i><span style=\"\">&nbsp;(pp.&nbsp;<\/span><span style=\"\">246-255). Dykinson<\/span><\/p>\n<p>&nbsp;SANZ HERNANDO C.&nbsp;<span style=\"\">Idiosincrasia y evoluci\u00f3n de los diarios. La consolidaci\u00f3n de la prensa privada frente a la oficial. En M. Chicharro y M. \u00c1. Moreno (coords.), El franquismo en Burgos a trav\u00e9s de la prensa (pp. 85-110). Fragua.<\/span><span style=\"\">.<\/span><\/p>\n<p><br><\/p>\n<p><\/p>\n<p><b>&nbsp; &nbsp; &nbsp; &nbsp;ART\u00cdCULOS CIENT\u00cdFICOS<\/b><\/p>\n<p>VIVAS MORENO, A.. ; SOLANO MAC\u00cdAS, C. Trayectoria y an\u00e1lisis del concepto de cultura escrita. Investigaci\u00f3n bibliotecol\u00f3gica: Archivonom\u00eda, bibliotecolog\u00eda e informaci\u00f3n. 37 \u2013 96, pp. 13 \u2013 26. Ciudad de M\u00e9xico(M\u00e9xico): Universidad Nacional Aut\u00f3noma de M\u00e9xico, Disponible en Internet en: http:\/\/rev-ib.unam.mx\/ib\/index.php\/ib\/article\/view\/58754. ISSN 0187-358X<\/p>\n<p>VIVAS MORENO, A..; L\u00d3PEZ ORTIZ, S. ; P\u00c9REZ ORTIZ, G.&nbsp; An\u00e1lisis documental de los beneficios a curato en los Archivos Eclesi\u00e1sticos del Arzobispado de M\u00e9rida-Badajoz. Ibersid: Revista de Sistemas de Informaci\u00f3n y Documentaci\u00f3n. 17 \u2013 2, pp. 21 \u2013 29. Zaragoza, Arag\u00f3n(Espa\u00f1a): Universidad de Zaragoza,<\/p>\n<p>VIVAS MORENO, A..; L\u00d3PEZ ORTIZ, S. ; P\u00c9REZ ORTIZ, G.&nbsp; El martirio en la documentaci\u00f3n del Archivo Diocesano de Badajoz: identificaci\u00f3n y an\u00e1lisis de la documentaci\u00f3n. Anales de Documentaci\u00f3n. 26, pp. 1 \u2013 20. Murcia, Murcia, Regi\u00f3n de(Espa\u00f1a): Universidad de Murcia<\/p>\n<p>VIVAS MORENO, A..;; VALHONDO CREGO, J.L. Lectoescritura de personajes de ficci\u00f3n audiovisuales: propuestate\u00f3rica a partir de tres casos. Revista de Comunicaci\u00f3n de la SEECI. 56, pp. 176 \u2013 193. Madrid, Madrid, Comunidad de (Espa\u00f1a): Sociedad Espa\u00f1ola de Estudios de la Comunicaci\u00f3n Iberoamericana<\/p>\n<p>VIVAS MORENO, A.. ; SOLANO MAC\u00cdAS, C.. The municipals archives in Extremadura at the end of the 18th century through the Royal Court. Boletim do Arquivo da Universidade de Coimbra. 36 \u2013 1, pp. 13 \u2013 57. Coimbra(Portugal): Universidad de Coimbra<\/p>\n<p>SANZ HERNANDO C.&nbsp;<i style=\"\"><span style=\"\">Communication &amp; Society&nbsp;<\/span><\/i><span style=\"\">(2023).&nbsp;<\/span><span lang=\"EN-US\" style=\"\">A daring feat.&nbsp;<span style=\"border: 1pt windowtext; padding: 0cm;\">Pioneering women directors of the Portuguese press in the United States \u2013 historical and socio-symbolic aspects,&nbsp;<\/span><\/span><span style=\"\">36 (3), 71-86<\/span><\/p>\n<p><i style=\"&gt;&lt;span style=\" \"=\"\">SANZ HERNANDO C.. Historia Actual Online&nbsp;<\/i><span style=\"\">(2023). Activismo falangista:&nbsp;<span style=\"border: 1pt windowtext; padding: 0cm;\">El peri\u00f3dico&nbsp;<i>Hoy<\/i>&nbsp;ante la Guerra Civil<\/span>, 60, 41-58<\/span><span style=\"\"><\/span><\/p>\n<\/div><\/div>\n\t\t\t\t<\/div>\n\t\t\t\t<\/div>\n\t\t\t\t<div class=\"elementor-element elementor-element-6e2af6de elementor-widget elementor-widget-text-editor\" data-id=\"6e2af6de\" data-element_type=\"widget\" data-widget_type=\"text-editor.default\">\n\t\t\t\t<div class=\"elementor-widget-container\">\n\t\t\t\t\t<div class=\"elementor-text-editor elementor-clearfix\"><\/div>\n\t\t\t\t<\/div>\n\t\t\t\t<\/div>\n\t\t\t\t\t<\/div>\n\t\t<\/div>\n\t\t\t\t\t\t\t<\/div>\n\t\t<\/section>\n\t\t\t\t\t\t<\/div>\n\t\t\t\t\t<\/div>\n\t\t","protected":false},"excerpt":{"rendered":"<p>PUBLICACIONES 2023 LIBROS VIVAS MORENO, ; P\u00c9REZ ORTIZ, G.; P\u00c9REZ ORTIZ, R. La secularizaci\u00f3n en Badajoz en los ss.XVI-XVIII a trav\u00e9s del fondo conventual diocesano. pp. 1 \u2013 307. Madrid, Madrid, Comunidad de(Espa\u00f1a): McGraw Hill SANZ HERNANDO C. Historia de la Asociaci\u00f3n de la Prensa de Badajoz (191 6-2022). Valencia: Tirant lo Blanch &nbsp; CAP\u00cdTULOS [&hellip;]<\/p>\n","protected":false},"author":2,"featured_media":0,"parent":0,"menu_order":0,"comment_status":"closed","ping_status":"closed","template":"","meta":[],"_links":{"self":[{"href":"http:\/\/ardopa.unex.es\/wordpress\/wp-json\/wp\/v2\/pages\/4117"}],"collection":[{"href":"http:\/\/ardopa.unex.es\/wordpress\/wp-json\/wp\/v2\/pages"}],"about":[{"href":"http:\/\/ardopa.unex.es\/wordpress\/wp-json\/wp\/v2\/types\/page"}],"author":[{"embeddable":true,"href":"http:\/\/ardopa.unex.es\/wordpress\/wp-json\/wp\/v2\/users\/2"}],"replies":[{"embeddable":true,"href":"http:\/\/ardopa.unex.es\/wordpress\/wp-json\/wp\/v2\/comments?post=4117"}],"version-history":[{"count":86,"href":"http:\/\/ardopa.unex.es\/wordpress\/wp-json\/wp\/v2\/pages\/4117\/revisions"}],"predecessor-version":[{"id":4207,"href":"http:\/\/ardopa.unex.es\/wordpress\/wp-json\/wp\/v2\/pages\/4117\/revisions\/4207"}],"wp:attachment":[{"href":"http:\/\/ardopa.unex.es\/wordpress\/wp-json\/wp\/v2\/media?parent=4117"}],"curies":[{"name":"wp","href":"https:\/\/api.w.org\/{rel}","templated":true}]}}