{"id":4209,"date":"2026-05-08T13:05:48","date_gmt":"2026-05-08T11:05:48","guid":{"rendered":"https:\/\/ardopa.unex.es\/wordpress\/?page_id=4209"},"modified":"2026-05-08T13:30:48","modified_gmt":"2026-05-08T11:30:48","slug":"2024-2","status":"publish","type":"page","link":"http:\/\/ardopa.unex.es\/wordpress\/2024-2\/","title":{"rendered":"2024"},"content":{"rendered":"\t\t<div data-elementor-type=\"wp-page\" data-elementor-id=\"4209\" class=\"elementor elementor-4209\" data-elementor-settings=\"[]\">\n\t\t\t\t\t\t\t<div class=\"elementor-section-wrap\">\n\t\t\t\t\t\t\t<section class=\"elementor-section elementor-top-section elementor-element elementor-element-15a69fef elementor-section-boxed elementor-section-height-default elementor-section-height-default\" data-id=\"15a69fef\" data-element_type=\"section\">\n\t\t\t\t\t\t<div class=\"elementor-container elementor-column-gap-default\">\n\t\t\t\t\t<div class=\"elementor-column elementor-col-100 elementor-top-column elementor-element elementor-element-28170227\" data-id=\"28170227\" data-element_type=\"column\">\n\t\t\t<div class=\"elementor-widget-wrap elementor-element-populated\">\n\t\t\t\t\t\t\t\t<div class=\"elementor-element elementor-element-2ccae256 elementor-widget elementor-widget-heading\" data-id=\"2ccae256\" data-element_type=\"widget\" data-widget_type=\"heading.default\">\n\t\t\t\t<div class=\"elementor-widget-container\">\n\t\t\t<h3 class=\"elementor-heading-title elementor-size-large\">PUBLICACIONES 2024<\/h3>\t\t<\/div>\n\t\t\t\t<\/div>\n\t\t\t\t<div class=\"elementor-element elementor-element-6968bcfe elementor-widget-divider--view-line elementor-widget elementor-widget-divider\" data-id=\"6968bcfe\" data-element_type=\"widget\" data-widget_type=\"divider.default\">\n\t\t\t\t<div class=\"elementor-widget-container\">\n\t\t\t\t\t<div class=\"elementor-divider\">\n\t\t\t<span class=\"elementor-divider-separator\">\n\t\t\t\t\t\t<\/span>\n\t\t<\/div>\n\t\t\t\t<\/div>\n\t\t\t\t<\/div>\n\t\t\t\t\t<\/div>\n\t\t<\/div>\n\t\t\t\t\t\t\t<\/div>\n\t\t<\/section>\n\t\t\t\t<section class=\"elementor-section elementor-top-section elementor-element elementor-element-761cf177 elementor-section-boxed elementor-section-height-default elementor-section-height-default\" data-id=\"761cf177\" data-element_type=\"section\">\n\t\t\t\t\t\t<div class=\"elementor-container elementor-column-gap-default\">\n\t\t\t\t\t<div class=\"elementor-column elementor-col-100 elementor-top-column elementor-element elementor-element-2b1b35d7\" data-id=\"2b1b35d7\" data-element_type=\"column\">\n\t\t\t<div class=\"elementor-widget-wrap elementor-element-populated\">\n\t\t\t\t\t\t\t\t<div class=\"elementor-element elementor-element-21960141 elementor-widget elementor-widget-text-editor\" data-id=\"21960141\" data-element_type=\"widget\" data-widget_type=\"text-editor.default\">\n\t\t\t\t<div class=\"elementor-widget-container\">\n\t\t\t\t\t<div class=\"elementor-text-editor elementor-clearfix\"><p style=\"padding-left: 30px; text-align: left;\"><strong>LIBROS<\/strong><\/p><p>VIVAS MORENO, A.; SOLANO MAC\u00cdAS C. La ense\u00f1anza femenina en Extremadura a finales del siglo XVIII a trav\u00e9s del interrogatorio de la Real Audiencia. 2, pp. 1 \u2013 76+78. Badajoz, Extremadura(Espa\u00f1a): Uni\u00f3n de Bibli\u00f3filos Extreme\u00f1os (UBEX)<\/p><p>VIVAS MORENO, A.; BL\u00c1ZQUEZ RUIZ, J;\u00a0 P\u00c9REZ ORTIZ, G. El archivo de la catedral de Badajoz. Clasificaci\u00f3n y descripci\u00f3n del fondo capitular. pp. 1 \u2013 324. Gij\u00f3n, Asturias, Principado de(Espa\u00f1a): Trea<\/p><p>\u00a0<\/p><p style=\"padding-left: 30px;\"><b>CAP\u00cdTULOS DE LIBROS<\/b><\/p><p>VIVAS MORENO, A.; El profesor L\u00f3pez Yepes o la voluntad universitaria. En Torres Vargas, Georgina Araceli (Coord): Jos\u00e9 L\u00f3pez Yepes: su legado docente y de investigaci\u00f3n en M\u00e9xico y Espa\u00f1a. pp. 71 \u2013 79. Ciudad de M\u00e9xico(M\u00e9xico): Instituto de Investigaciones Bibliotecol\u00f3gicas. Universidad Nacional Aut\u00f3noma de M\u00e9xico.<\/p><p>SANZ HERNADO, C. La\u00a0<i>Hoja del lunes\u00a0<\/i>de Badajoz: de \u201choja\u00a0parroquial\u201d a la \u201croja del lunes\u201d. En P. Marques Gomes y S. Cavaco (coords.), Media e Jornalismo em Tempos de Ditadura. Censura, repress\u00e3o e resist\u00eancia (pp. 165-185). \u00c2ncora Editora.<\/p><p>SANZ HERNADO, C.\u00a0Los suplementos infantiles en la Prensa del Movimiento. En R. Tena Fern\u00e1ndez y J. Soto V\u00e1zquez (eds.),\u00a0<i>Censura infantojuvenil en la literatura y educaci\u00f3n europea<\/i>\u00a0(pp. 45-63). Madrid: Dykinson.<\/p><p>\u00a0<\/p><p><b>\u00a0 \u00a0 \u00a0 \u00a0ART\u00cdCULOS CIENT\u00cdFICOS<\/b><\/p><p>VIVAS MORENO, A.; HERRERA BARRERA, D. ; SANDOYA VALDIVIEZO, C. Bases de una radio local para el desarrollo social: Una propuesta desde experiencias latinoamericanas. Question\/Cuesti\u00f3n Periodismo\/Comunicaci\u00f3n. 3 \u2013 79, pp. 1 \u2013 22. Buenos Aires(Argentina): Universidad Nacional de la Plata,<b><\/b><\/p><p>VIVAS MORENO, A.; P\u00c9REZ ORTIZ, G.; L\u00d3PEZ ORTIZ, S.\u00a0<b><\/b>Demograf\u00eda en los Archivos Eclesi\u00e1sticos de M\u00e9rida-Badajoz: identificaci\u00f3n de series para la investigaci\u00f3n hist\u00f3rica. Ibersid. 18 \u2013 1, pp. 89 \u2013 100. Zaragoza, Arag\u00f3n(Espa\u00f1a)<\/p><p>VIVAS MORENO, A.; HERRERA BARRERA, D.\u00a0\u00a0El proyecto \u00abNarrar mi Ciudad\u00bb como ejemplo de intervenci\u00f3n para la educaci\u00f3n patrimonial: importancia de la documentaci\u00f3n en la sistematizaci\u00f3n de experiencias. Ibersid. 18 \u2013 1, pp. 101 \u2013 110. Zaragoza, Arag\u00f3n(Espa\u00f1a): Universidad de Zaragoza,<\/p><p>VIVAS MORENO, A.. ; FLORES JARAMILLO, S.\u00a0 CARCABOSO GARC\u00cdA, E. An\u00e1lisis de la representaci\u00f3n de la mujer a trav\u00e9s del cartel en Extremadura (Espa\u00f1a): 1984-2021. Revista Transinforma\u00e7ao. 36, 2024<b><\/b><\/p><p>SANZ HERNADO, C.\u00a0<i>Zer, Revista de\u00a0<\/i><i><span lang=\"ES-TRAD\">Estudios de Comunicaci\u00f3n<\/span><\/i><span lang=\"ES-TRAD\">\u00a0(2024). El viaje\u00a0<\/span>de Estado de Marcelo Caetano a Es\u00adpa\u00f1a en la prensa espa\u00f1ola y portuguesa: el\u00a0estado de opini\u00f3n, 29(56), 335-354.<\/p><p><b>\u00a0<\/b><\/p><p>\u00a0<\/p><\/div>\n\t\t\t\t<\/div>\n\t\t\t\t<\/div>\n\t\t\t\t<div class=\"elementor-element elementor-element-23c88871 elementor-widget elementor-widget-text-editor\" data-id=\"23c88871\" data-element_type=\"widget\" data-widget_type=\"text-editor.default\">\n\t\t\t\t<div class=\"elementor-widget-container\">\n\t\t\t\t\t<div class=\"elementor-text-editor elementor-clearfix\"><\/div>\n\t\t\t\t<\/div>\n\t\t\t\t<\/div>\n\t\t\t\t\t<\/div>\n\t\t<\/div>\n\t\t\t\t\t\t\t<\/div>\n\t\t<\/section>\n\t\t\t\t\t\t<\/div>\n\t\t\t\t\t<\/div>\n\t\t","protected":false},"excerpt":{"rendered":"<p>PUBLICACIONES 2024 LIBROS VIVAS MORENO, A.; SOLANO MAC\u00cdAS C. La ense\u00f1anza femenina en Extremadura a finales del siglo XVIII a trav\u00e9s del interrogatorio de la Real Audiencia. 2, pp. 1 \u2013 76+78. Badajoz, Extremadura(Espa\u00f1a): Uni\u00f3n de Bibli\u00f3filos Extreme\u00f1os (UBEX) VIVAS MORENO, A.; BL\u00c1ZQUEZ RUIZ, J;\u00a0 P\u00c9REZ ORTIZ, G. El archivo de la catedral de Badajoz. [&hellip;]<\/p>\n","protected":false},"author":2,"featured_media":0,"parent":0,"menu_order":0,"comment_status":"closed","ping_status":"closed","template":"","meta":[],"_links":{"self":[{"href":"http:\/\/ardopa.unex.es\/wordpress\/wp-json\/wp\/v2\/pages\/4209"}],"collection":[{"href":"http:\/\/ardopa.unex.es\/wordpress\/wp-json\/wp\/v2\/pages"}],"about":[{"href":"http:\/\/ardopa.unex.es\/wordpress\/wp-json\/wp\/v2\/types\/page"}],"author":[{"embeddable":true,"href":"http:\/\/ardopa.unex.es\/wordpress\/wp-json\/wp\/v2\/users\/2"}],"replies":[{"embeddable":true,"href":"http:\/\/ardopa.unex.es\/wordpress\/wp-json\/wp\/v2\/comments?post=4209"}],"version-history":[{"count":52,"href":"http:\/\/ardopa.unex.es\/wordpress\/wp-json\/wp\/v2\/pages\/4209\/revisions"}],"predecessor-version":[{"id":4263,"href":"http:\/\/ardopa.unex.es\/wordpress\/wp-json\/wp\/v2\/pages\/4209\/revisions\/4263"}],"wp:attachment":[{"href":"http:\/\/ardopa.unex.es\/wordpress\/wp-json\/wp\/v2\/media?parent=4209"}],"curies":[{"name":"wp","href":"https:\/\/api.w.org\/{rel}","templated":true}]}}