{"id":4264,"date":"2026-05-08T13:38:47","date_gmt":"2026-05-08T11:38:47","guid":{"rendered":"https:\/\/ardopa.unex.es\/wordpress\/?page_id=4264"},"modified":"2026-05-08T23:16:38","modified_gmt":"2026-05-08T21:16:38","slug":"elementor-4264","status":"publish","type":"page","link":"http:\/\/ardopa.unex.es\/wordpress\/elementor-4264\/","title":{"rendered":"2025"},"content":{"rendered":"\t\t<div data-elementor-type=\"wp-page\" data-elementor-id=\"4264\" class=\"elementor elementor-4264\" data-elementor-settings=\"[]\">\n\t\t\t\t\t\t\t<div class=\"elementor-section-wrap\">\n\t\t\t\t\t\t\t<section class=\"elementor-section elementor-top-section elementor-element elementor-element-1229327a elementor-section-boxed elementor-section-height-default elementor-section-height-default\" data-id=\"1229327a\" data-element_type=\"section\">\n\t\t\t\t\t\t<div class=\"elementor-container elementor-column-gap-default\">\n\t\t\t\t\t<div class=\"elementor-column elementor-col-100 elementor-top-column elementor-element elementor-element-7a585330\" data-id=\"7a585330\" data-element_type=\"column\">\n\t\t\t<div class=\"elementor-widget-wrap elementor-element-populated\">\n\t\t\t\t\t\t\t\t<div class=\"elementor-element elementor-element-5f8a7e20 elementor-widget elementor-widget-heading\" data-id=\"5f8a7e20\" data-element_type=\"widget\" data-widget_type=\"heading.default\">\n\t\t\t\t<div class=\"elementor-widget-container\">\n\t\t\t<h3 class=\"elementor-heading-title elementor-size-large\">PUBLICACIONES 2025<\/h3>\t\t<\/div>\n\t\t\t\t<\/div>\n\t\t\t\t<div class=\"elementor-element elementor-element-51bee731 elementor-widget-divider--view-line elementor-widget elementor-widget-divider\" data-id=\"51bee731\" data-element_type=\"widget\" data-widget_type=\"divider.default\">\n\t\t\t\t<div class=\"elementor-widget-container\">\n\t\t\t\t\t<div class=\"elementor-divider\">\n\t\t\t<span class=\"elementor-divider-separator\">\n\t\t\t\t\t\t<\/span>\n\t\t<\/div>\n\t\t\t\t<\/div>\n\t\t\t\t<\/div>\n\t\t\t\t\t<\/div>\n\t\t<\/div>\n\t\t\t\t\t\t\t<\/div>\n\t\t<\/section>\n\t\t\t\t<section class=\"elementor-section elementor-top-section elementor-element elementor-element-5a76f52d elementor-section-boxed elementor-section-height-default elementor-section-height-default\" data-id=\"5a76f52d\" data-element_type=\"section\">\n\t\t\t\t\t\t<div class=\"elementor-container elementor-column-gap-default\">\n\t\t\t\t\t<div class=\"elementor-column elementor-col-100 elementor-top-column elementor-element elementor-element-72d986b5\" data-id=\"72d986b5\" data-element_type=\"column\">\n\t\t\t<div class=\"elementor-widget-wrap elementor-element-populated\">\n\t\t\t\t\t\t\t\t<div class=\"elementor-element elementor-element-729045e2 elementor-widget elementor-widget-text-editor\" data-id=\"729045e2\" data-element_type=\"widget\" data-widget_type=\"text-editor.default\">\n\t\t\t\t<div class=\"elementor-widget-container\">\n\t\t\t\t\t<div class=\"elementor-text-editor elementor-clearfix\"><p style=\"padding-left: 30px; text-align: left;\"><strong>LIBROS<\/strong><\/p><p>VIVAS MORENO, A.; HERN\u00c1NDEZ PACHECO, F. L\u00d3PEZ YEPES, A. ET AL. Obras selectas del Dr. Jos\u00e9 L\u00f3pez Yepes: padre de la Documentaci\u00f3n. 4 vols., pp. 1 \u2013 2547. Ciudad de M\u00e9xico(M\u00e9xico): Tirant le Banch<\/p><p>VIVAS MORENO, A.; P\u00c9REZ ORTIZ, G. ; L\u00d3PEZ ORTIZ, S. Obras impresas del siglo XVII de la Biblioteca del Seminario San At\u00f3n de Badajoz. pp. 1 \u2013 336. Madrid, Madrid, Comunidad de(Espa\u00f1a): Dyckinson,<\/p><p>\u00a0<\/p><p>VIVAS MORENO, A. Estudios sobre patrimonio documental: perspectivas y representaciones. pp. 1 \u2013 349. Madrid, Madrid, Comunidad de(Espa\u00f1a): Fragua<\/p><p>VIVAS MORENO, A.; P\u00c9REZ ORTIZ, G. ; L\u00d3PEZ ORTIZ, S. El fondo documental de la Orden de Alc\u00e1ntara en los Archivos Eclesi\u00e1sticos de M\u00e9rida-Badajoz: clasificaci\u00f3n y descripci\u00f3n. pp. 1 \u2013 217. Madrid, Madrid, Comunidad de(Espa\u00f1a): McGraw Hill,<\/p><p>\u00a0<\/p><p style=\"padding-left: 30px;\"><b>CAP\u00cdTULOS DE LIBROS<\/b><\/p><p>VIVAS MORENO, A.; BL\u00c1ZQUEZ RUIZ, J, ; P\u00c9REZ ORTIZ, G.\u00a0Aproximaci\u00f3n tipol\u00f3gica para los Archivos Eclesi\u00e1sticos. En Vivas Moreno, Agust\u00edn (Coord). Estudios sobre patrimonio documental. Perspectivas y representaciones. pp. 125 \u2013 148. Madrid, Madrid, Comunidad de(Espa\u00f1a): Fragua,<\/p><p>VIVAS MORENO, A.;\u00a0 SOLANO MAC\u00cdAS C. La cultura escrita en el Partido de Llerena a finales de la Edad Moderna seg\u00fan el Interrogatorio de la Real Audiencia de Extremadura. En pp. 47 \u2013 66. Madrid, Madrid, Comunidad de(Espa\u00f1a): Fragua,<\/p><p>VIVAS MORENO, A.; BL\u00c1ZQUEZ RUIZ, J, ; P\u00c9REZ ORTIZ, G. Aproximaci\u00f3n tipol\u00f3gica para los Archivos Eclesi\u00e1sticos. En Vivas Moreno, Agust\u00edn (Coord). Estudios sobre patrimonio documental. Perspectivas y representaciones. pp. 125 \u2013 148.Madrid, Madrid, Comunidad de(Espa\u00f1a): Fragua,<\/p><p>VIVAS MORENO, A.; Series documentales para el estudio de las c\u00e1tedras en las Universidades Hisp\u00e1nicas de los ss.XVI-XVIII. En Vivas Moreno, Agust\u00edn (Coord). Estudios sobre patrimonio documental. Perspectivas y representaciones. pp. 13 \u2013 46. Madrid, Madrid, Comunidad de(Espa\u00f1a): Fragua,<\/p><p>VIVAS MORENO, A.; P\u00c9REZ ORTIZ, G. ; L\u00d3PEZ ORTIZ, S. Lecturas para seminaristas seg\u00fan el Plan de Estudios de 1852 (Lat\u00edn y Humanidades). En Vivas Moreno, Agust\u00edn (Coord). Estudios sobre patrimonio documental. Perspectivas y representaciones. pp. 95 \u2013 124. Madrid, Madrid, Comunidad de(Espa\u00f1a): Fragua,<\/p><p>SANZ HERNANDO, C. El c\u00f3mic norteamericano y la censura: el caso de la editorial Novaro en el final del franquismo. En Ram\u00f3n Tena Fern\u00e1ndez, Sara Reis da Silva y Jos\u00e9 Soto V\u00e1zquez, (coords.),\u00a0<i>Censura y educaci\u00f3n en la LIJ durante las dictaduras de Franco y Salazar<\/i>\u00a0(pp. 219-250). Cuenca: Ediciones de la Universidad de Castilla-La Mancha.<\/p><p>SANZ HERNANDO, C.\u00a0La representaci\u00f3n de la\u00a0Guerra Civil en el diario cat\u00f3lico\u00a0<i>Hoy<\/i>\u00a0de Badajoz. En A. Vivas Moreno (coord.),\u00a0<i>Estudios sobre patrimonio documental. Perspectivas y representaciones<\/i>\u00a0(pp. 67-94). Madrid: Fragua<\/p><p>\u00a0<\/p><p><b>\u00a0 \u00a0 \u00a0 \u00a0ART\u00cdCULOS CIENT\u00cdFICOS<\/b><\/p><p>VIVAS MORENO, A.; P\u00c9REZ ORTIZ, G. ; GONZ\u00c1LEZ LOZANO, F. Manuales teol\u00f3gicos seg\u00fan el Plan educativo de 1852. Cauriensia. C\u00e1ceres, Extremadura(Espa\u00f1a): Seminario Diocesano de Coria (C\u00e1ceres). Instituto Teol\u00f3gico. Facultad de Teoolog\u00eda de San Isidoro de Sevilla,<\/p><p>VIVAS MORENO, A.; P\u00c9REZ ORTIZ, G. ; L\u00d3PEZ ORTIZ, S. Las visitas pastorales en los Archivos Eclesi\u00e1sticos, fuentes para la investigaci\u00f3n hist\u00f3rica: el ejemplo de los Archivos Eclesi\u00e1sticos de M\u00e9rida-Badajoz. Boletim do Arquivo do Coimbra. 38 \u2013 2, pp. 205 \u2013 237. Coimbra(Portugal): Universidad de Coimbra,<\/p><p>VIVAS MORENO, A.; DE LA CRUZ SOL\u00cdS, A.\u00a0 La radio educativa en la revista Vida Escolar. Historia de la educaci\u00f3n. 44, Salamanca, Castilla y Le\u00f3n(Espa\u00f1a): Universidad de Salamanca,<\/p><p>VIVAS MORENO, A.; P\u00c9REZ ORTIZ, G. ; L\u00d3PEZ ORTIZ, S.\u00a0 La presencia religiosa en los centros educativos extreme\u00f1os a trav\u00e9s de la documentaci\u00f3n diocesana durante la primera d\u00e9fcada delConcilio Vaticano II (1962-1972. Brocar: Cuadernos de la investigaci\u00f3n hist\u00f3rica. 49, pp. 325 \u2013 359. Logro\u00f1o, Rioja, La(Espa\u00f1a): Unioversidad de La Rioja,<\/p><p>VIVAS MORENO, A.; P\u00c9REZ ORTIZ, G. ; L\u00d3PEZ ORTIZ, S.\u00a0 Identificaci\u00f3n de fuentes hist\u00f3rico-estad\u00edsticas en archivos eclesi\u00e1sticos: el ejemplo de la documentaci\u00f3n eclesi\u00e1stica de M\u00e9rida-Badajoz (siglos XVIII-XX). Ibersid. 19 \u2013 1, pp. 123 \u2013 136. Zaragoza, Arag\u00f3n(Espa\u00f1a): Universidad de Zaragoza,<\/p><p>VIVAS MORENO, A.; P\u00c9REZ ORTIZ, G. ; L\u00d3PEZ ORTIZ, S. El cine parroquial en Badajoz desde la documentaci\u00f3n de los archivos eclesi\u00e1sticos: el cine Autopista. Documentaci\u00f3n de las Ciencias de la Informaci\u00f3n. 48, pp. 77 \u2013 91. Madrid, Madrid, Comunidad de(Espa\u00f1a): Universidad Complutense de Madrid,<\/p><p>SANZ HERNANDO, C. Communication &amp; Society\u00a0(2025)<span lang=\"EN-US\">. \u201cNo mission more sublime\u201d. The press and Portuguese journalism in United States: a sociocultural overview (1920-1940).\u00a0<\/span><i>Communication &amp; Society<\/i>, 38 (2), 1-16.<\/p><p>SANZ HERNANDO, C.\u00a0<i>M\u00e9langes de la Casa de Vel\u00e1zquez<\/i><span lang=\"ES-TRAD\">\u00a0(2025). Periodistas de combate: los\u00a0<\/span><span lang=\"ES-TRAD\">directores del peri\u00f3dico HOY durante la Guerra Civil.<\/span>, 55 (1).<\/p><p>SANZ HERNANDO, C.\u00a0<i>Estudios sobre el Mensaje Periodi\u0301stico<\/i><span lang=\"ES-TRAD\">\u00a0(2025). La radio en Espa\u00f1a ante la Transici\u00f3n\u00a0<\/span><span lang=\"ES-TRAD\">Ecosocial: tem\u00e1ticas, puntos de vista narrativos, carencias y retos.<\/span><i>, 31<\/i>209-224.<\/p><\/div>\n\t\t\t\t<\/div>\n\t\t\t\t<\/div>\n\t\t\t\t<div class=\"elementor-element elementor-element-6e412eb4 elementor-widget elementor-widget-text-editor\" data-id=\"6e412eb4\" data-element_type=\"widget\" data-widget_type=\"text-editor.default\">\n\t\t\t\t<div class=\"elementor-widget-container\">\n\t\t\t\t\t<div class=\"elementor-text-editor elementor-clearfix\"><\/div>\n\t\t\t\t<\/div>\n\t\t\t\t<\/div>\n\t\t\t\t\t<\/div>\n\t\t<\/div>\n\t\t\t\t\t\t\t<\/div>\n\t\t<\/section>\n\t\t\t\t\t\t<\/div>\n\t\t\t\t\t<\/div>\n\t\t","protected":false},"excerpt":{"rendered":"<p>PUBLICACIONES 2025 LIBROS VIVAS MORENO, A.; HERN\u00c1NDEZ PACHECO, F. L\u00d3PEZ YEPES, A. ET AL. Obras selectas del Dr. Jos\u00e9 L\u00f3pez Yepes: padre de la Documentaci\u00f3n. 4 vols., pp. 1 \u2013 2547. Ciudad de M\u00e9xico(M\u00e9xico): Tirant le Banch VIVAS MORENO, A.; P\u00c9REZ ORTIZ, G. ; L\u00d3PEZ ORTIZ, S. Obras impresas del siglo XVII de la Biblioteca [&hellip;]<\/p>\n","protected":false},"author":2,"featured_media":0,"parent":0,"menu_order":0,"comment_status":"closed","ping_status":"closed","template":"","meta":[],"_links":{"self":[{"href":"http:\/\/ardopa.unex.es\/wordpress\/wp-json\/wp\/v2\/pages\/4264"}],"collection":[{"href":"http:\/\/ardopa.unex.es\/wordpress\/wp-json\/wp\/v2\/pages"}],"about":[{"href":"http:\/\/ardopa.unex.es\/wordpress\/wp-json\/wp\/v2\/types\/page"}],"author":[{"embeddable":true,"href":"http:\/\/ardopa.unex.es\/wordpress\/wp-json\/wp\/v2\/users\/2"}],"replies":[{"embeddable":true,"href":"http:\/\/ardopa.unex.es\/wordpress\/wp-json\/wp\/v2\/comments?post=4264"}],"version-history":[{"count":100,"href":"http:\/\/ardopa.unex.es\/wordpress\/wp-json\/wp\/v2\/pages\/4264\/revisions"}],"predecessor-version":[{"id":4367,"href":"http:\/\/ardopa.unex.es\/wordpress\/wp-json\/wp\/v2\/pages\/4264\/revisions\/4367"}],"wp:attachment":[{"href":"http:\/\/ardopa.unex.es\/wordpress\/wp-json\/wp\/v2\/media?parent=4264"}],"curies":[{"name":"wp","href":"https:\/\/api.w.org\/{rel}","templated":true}]}}