{"id":718,"date":"2018-02-01T12:30:49","date_gmt":"2018-02-01T12:30:49","guid":{"rendered":"http:\/\/ardopa.unex.es\/wordpress\/?page_id=718"},"modified":"2018-06-28T10:49:07","modified_gmt":"2018-06-28T10:49:07","slug":"carmen-solano-macias","status":"publish","type":"page","link":"http:\/\/ardopa.unex.es\/wordpress\/equipo\/carmen-solano-macias\/","title":{"rendered":"Carmen Solano Mac\u00edas"},"content":{"rendered":"\t\t<div data-elementor-type=\"wp-page\" data-elementor-id=\"718\" class=\"elementor elementor-718 elementor-bc-flex-widget\" data-elementor-settings=\"[]\">\n\t\t\t\t\t\t\t<div class=\"elementor-section-wrap\">\n\t\t\t\t\t\t\t<section class=\"elementor-section elementor-top-section elementor-element elementor-element-3ca6adc6 elementor-section-boxed elementor-section-height-default elementor-section-height-default\" data-id=\"3ca6adc6\" data-element_type=\"section\">\n\t\t\t\t\t\t<div class=\"elementor-container elementor-column-gap-default\">\n\t\t\t\t\t<div class=\"elementor-column elementor-col-50 elementor-top-column elementor-element elementor-element-2c5e690\" data-id=\"2c5e690\" data-element_type=\"column\">\n\t\t\t<div class=\"elementor-widget-wrap elementor-element-populated\">\n\t\t\t\t\t\t\t\t<div class=\"elementor-element elementor-element-2ff2693 elementor-widget elementor-widget-spacer\" data-id=\"2ff2693\" data-element_type=\"widget\" data-widget_type=\"spacer.default\">\n\t\t\t\t<div class=\"elementor-widget-container\">\n\t\t\t\t\t<div class=\"elementor-spacer\">\n\t\t\t<div class=\"elementor-spacer-inner\"><\/div>\n\t\t<\/div>\n\t\t\t\t<\/div>\n\t\t\t\t<\/div>\n\t\t\t\t<div class=\"elementor-element elementor-element-76f5f78a elementor-widget elementor-widget-heading\" data-id=\"76f5f78a\" data-element_type=\"widget\" data-widget_type=\"heading.default\">\n\t\t\t\t<div class=\"elementor-widget-container\">\n\t\t\t<h3 class=\"elementor-heading-title elementor-size-large\">CARMEN SOLANO MAC\u00cdAS<\/h3>\t\t<\/div>\n\t\t\t\t<\/div>\n\t\t\t\t<div class=\"elementor-element elementor-element-5b2d2e72 elementor-widget elementor-widget-heading\" data-id=\"5b2d2e72\" data-element_type=\"widget\" data-widget_type=\"heading.default\">\n\t\t\t\t<div class=\"elementor-widget-container\">\n\t\t\t<h4 class=\"elementor-heading-title elementor-size-default\">Profesora Titular<\/h4>\t\t<\/div>\n\t\t\t\t<\/div>\n\t\t\t\t<div class=\"elementor-element elementor-element-5700b4d3 elementor-widget-divider--view-line elementor-widget elementor-widget-divider\" data-id=\"5700b4d3\" data-element_type=\"widget\" data-widget_type=\"divider.default\">\n\t\t\t\t<div class=\"elementor-widget-container\">\n\t\t\t\t\t<div class=\"elementor-divider\">\n\t\t\t<span class=\"elementor-divider-separator\">\n\t\t\t\t\t\t<\/span>\n\t\t<\/div>\n\t\t\t\t<\/div>\n\t\t\t\t<\/div>\n\t\t\t\t<div class=\"elementor-element elementor-element-4fbe2de elementor-tabs-view-horizontal elementor-widget elementor-widget-tabs\" data-id=\"4fbe2de\" data-element_type=\"widget\" data-widget_type=\"tabs.default\">\n\t\t\t\t<div class=\"elementor-widget-container\">\n\t\t\t\t\t<div class=\"elementor-tabs\">\n\t\t\t<div class=\"elementor-tabs-wrapper\" role=\"tablist\" >\n\t\t\t\t\t\t\t\t\t<div id=\"elementor-tab-title-8361\" class=\"elementor-tab-title elementor-tab-desktop-title\" aria-selected=\"true\" data-tab=\"1\" role=\"tab\" tabindex=\"0\" aria-controls=\"elementor-tab-content-8361\">CV<\/div>\n\t\t\t\t\t\t\t\t\t<div id=\"elementor-tab-title-8362\" class=\"elementor-tab-title elementor-tab-desktop-title\" aria-selected=\"false\" data-tab=\"2\" role=\"tab\" tabindex=\"-1\" aria-controls=\"elementor-tab-content-8362\">Publicaciones<\/div>\n\t\t\t\t\t\t\t\t\t<div id=\"elementor-tab-title-8363\" class=\"elementor-tab-title elementor-tab-desktop-title\" aria-selected=\"false\" data-tab=\"3\" role=\"tab\" tabindex=\"-1\" aria-controls=\"elementor-tab-content-8363\">Conferencias y cursos<\/div>\n\t\t\t\t\t\t\t<\/div>\n\t\t\t<div class=\"elementor-tabs-content-wrapper\" role=\"tablist\" aria-orientation=\"vertical\">\n\t\t\t\t\t\t\t\t\t<div class=\"elementor-tab-title elementor-tab-mobile-title\" aria-selected=\"true\" data-tab=\"1\" role=\"tab\" tabindex=\"0\" aria-controls=\"elementor-tab-content-8361\">CV<\/div>\n\t\t\t\t\t<div id=\"elementor-tab-content-8361\" class=\"elementor-tab-content elementor-clearfix\" data-tab=\"1\" role=\"tabpanel\" aria-labelledby=\"elementor-tab-title-8361\" tabindex=\"0\" hidden=\"false\"><p><span style=\"font-weight: 400;\">Profesora Titular en el \u00e1rea de Biblioteconom\u00eda y Documentaci\u00f3n, Departamento de Informaci\u00f3n y Comunicaci\u00f3n de la Universidad de Extremadura. <\/span><span style=\"font-weight: 400;\"><br \/><\/span><\/p><p><span style=\"font-weight: 400;\">Docencia en la Facultad de Ciencias de la Documentaci\u00f3n y la Comunicaci\u00f3n de la UEx desde el curso 1995\/96.<\/span><\/p><p><span style=\"font-weight: 400;\">Bibliotecaria-Documentalista (Junta de Extremadura. Servicio de Investigaci\u00f3n y Desarrollo Tecnol\u00f3gico).<\/span><\/p><p><span style=\"font-weight: 400;\">Bibliotecaria (Biblioteca P\u00fablica del Estado Barlolom\u00e9 J. Gallardo, Badajoz)<\/span><\/p><p><span style=\"font-weight: 400;\">Licenciada en Documentaci\u00f3n por la Universidad de Salamanca. <\/span><\/p><p><span style=\"font-weight: 400;\">Licenciada en Historia Moderna y Contempor\u00e1nea por la Universidad de Salamanca. <\/span><\/p><p><span style=\"font-weight: 400;\">Doctora en Documentaci\u00f3n por la Universidad de Extremadura.\u00a0<\/span><\/p><\/div>\n\t\t\t\t\t\t\t\t\t<div class=\"elementor-tab-title elementor-tab-mobile-title\" aria-selected=\"false\" data-tab=\"2\" role=\"tab\" tabindex=\"-1\" aria-controls=\"elementor-tab-content-8362\">Publicaciones<\/div>\n\t\t\t\t\t<div id=\"elementor-tab-content-8362\" class=\"elementor-tab-content elementor-clearfix\" data-tab=\"2\" role=\"tabpanel\" aria-labelledby=\"elementor-tab-title-8362\" tabindex=\"0\" hidden=\"hidden\"><\/div>\n\t\t\t\t\t\t\t\t\t<div class=\"elementor-tab-title elementor-tab-mobile-title\" aria-selected=\"false\" data-tab=\"3\" role=\"tab\" tabindex=\"-1\" aria-controls=\"elementor-tab-content-8363\">Conferencias y cursos<\/div>\n\t\t\t\t\t<div id=\"elementor-tab-content-8363\" class=\"elementor-tab-content elementor-clearfix\" data-tab=\"3\" role=\"tabpanel\" aria-labelledby=\"elementor-tab-title-8363\" tabindex=\"0\" hidden=\"hidden\"><p><strong>Comunicaci\u00f3n<\/strong> <em>\u00abEl campus virtual como herramienta de dinamizaci\u00f3n del PATT\u00bb<\/em> en las II Jornadas Campus Virtual de la UEx \u00abConocimiento, aprendizaje y comunidad\u00bb. 2012.<\/p><\/div>\n\t\t\t\t\t\t\t<\/div>\n\t\t<\/div>\n\t\t\t\t<\/div>\n\t\t\t\t<\/div>\n\t\t\t\t\t<\/div>\n\t\t<\/div>\n\t\t\t\t<div class=\"elementor-column elementor-col-50 elementor-top-column elementor-element elementor-element-6fbcf77a\" data-id=\"6fbcf77a\" data-element_type=\"column\">\n\t\t\t<div class=\"elementor-widget-wrap elementor-element-populated\">\n\t\t\t\t\t\t\t\t<div class=\"elementor-element elementor-element-66387b1a elementor-widget elementor-widget-spacer\" data-id=\"66387b1a\" data-element_type=\"widget\" data-widget_type=\"spacer.default\">\n\t\t\t\t<div class=\"elementor-widget-container\">\n\t\t\t\t\t<div class=\"elementor-spacer\">\n\t\t\t<div class=\"elementor-spacer-inner\"><\/div>\n\t\t<\/div>\n\t\t\t\t<\/div>\n\t\t\t\t<\/div>\n\t\t\t\t<div class=\"elementor-element elementor-element-47181f1b elementor-widget elementor-widget-spacer\" data-id=\"47181f1b\" data-element_type=\"widget\" data-widget_type=\"spacer.default\">\n\t\t\t\t<div class=\"elementor-widget-container\">\n\t\t\t\t\t<div class=\"elementor-spacer\">\n\t\t\t<div class=\"elementor-spacer-inner\"><\/div>\n\t\t<\/div>\n\t\t\t\t<\/div>\n\t\t\t\t<\/div>\n\t\t\t\t<div class=\"elementor-element elementor-element-9b1d1fb elementor-widget elementor-widget-image\" data-id=\"9b1d1fb\" data-element_type=\"widget\" data-widget_type=\"image.default\">\n\t\t\t\t<div class=\"elementor-widget-container\">\n\t\t\t\t\t<div class=\"elementor-image\">\n\t\t\t\t\t\t\t\t\t\t<img width=\"640\" height=\"1024\" src=\"http:\/\/ardopa.unex.es\/wordpress\/wp-content\/uploads\/2018\/02\/Carmen-Solano-bio-640x1024.jpg\" class=\"attachment-large size-large\" alt=\"\" loading=\"lazy\" srcset=\"http:\/\/ardopa.unex.es\/wordpress\/wp-content\/uploads\/2018\/02\/Carmen-Solano-bio-640x1024.jpg 640w, http:\/\/ardopa.unex.es\/wordpress\/wp-content\/uploads\/2018\/02\/Carmen-Solano-bio-187x300.jpg 187w, http:\/\/ardopa.unex.es\/wordpress\/wp-content\/uploads\/2018\/02\/Carmen-Solano-bio-768x1229.jpg 768w, http:\/\/ardopa.unex.es\/wordpress\/wp-content\/uploads\/2018\/02\/Carmen-Solano-bio.jpg 1417w\" sizes=\"(max-width: 640px) 100vw, 640px\" \/>\t\t\t\t\t\t\t\t\t\t\t<\/div>\n\t\t\t\t<\/div>\n\t\t\t\t<\/div>\n\t\t\t\t<div class=\"elementor-element elementor-element-43d5f005 elementor-widget-divider--view-line elementor-widget elementor-widget-divider\" data-id=\"43d5f005\" data-element_type=\"widget\" data-widget_type=\"divider.default\">\n\t\t\t\t<div class=\"elementor-widget-container\">\n\t\t\t\t\t<div class=\"elementor-divider\">\n\t\t\t<span class=\"elementor-divider-separator\">\n\t\t\t\t\t\t<\/span>\n\t\t<\/div>\n\t\t\t\t<\/div>\n\t\t\t\t<\/div>\n\t\t\t\t<div class=\"elementor-element elementor-element-34a22009 elementor-widget elementor-widget-spacer\" data-id=\"34a22009\" data-element_type=\"widget\" data-widget_type=\"spacer.default\">\n\t\t\t\t<div class=\"elementor-widget-container\">\n\t\t\t\t\t<div class=\"elementor-spacer\">\n\t\t\t<div class=\"elementor-spacer-inner\"><\/div>\n\t\t<\/div>\n\t\t\t\t<\/div>\n\t\t\t\t<\/div>\n\t\t\t\t<div class=\"elementor-element elementor-element-1265bcf6 elementor-widget elementor-widget-text-editor\" data-id=\"1265bcf6\" data-element_type=\"widget\" data-widget_type=\"text-editor.default\">\n\t\t\t\t<div class=\"elementor-widget-container\">\n\t\t\t\t\t<div class=\"elementor-text-editor elementor-clearfix\"><p style=\"text-align: center;\"><strong>PROFESORA TITULAR<\/strong><br \/>Nombre cient\u00edfico: SOLANO, C.<\/p><\/div>\n\t\t\t\t<\/div>\n\t\t\t\t<\/div>\n\t\t\t\t<div class=\"elementor-element elementor-element-5e5dc0aa elementor-widget elementor-widget-spacer\" data-id=\"5e5dc0aa\" data-element_type=\"widget\" data-widget_type=\"spacer.default\">\n\t\t\t\t<div class=\"elementor-widget-container\">\n\t\t\t\t\t<div class=\"elementor-spacer\">\n\t\t\t<div class=\"elementor-spacer-inner\"><\/div>\n\t\t<\/div>\n\t\t\t\t<\/div>\n\t\t\t\t<\/div>\n\t\t\t\t<div class=\"elementor-element elementor-element-7d54fb35 elementor-shape-circle elementor-grid-0 e-grid-align-center elementor-widget elementor-widget-social-icons\" data-id=\"7d54fb35\" data-element_type=\"widget\" data-widget_type=\"social-icons.default\">\n\t\t\t\t<div class=\"elementor-widget-container\">\n\t\t\t\t\t<div class=\"elementor-social-icons-wrapper elementor-grid\">\n\t\t\t\t\t\t\t<div class=\"elementor-grid-item\">\n\t\t\t\t\t<a class=\"elementor-icon elementor-social-icon elementor-social-icon-envelope elementor-repeater-item-892b021\" target=\"_blank\">\n\t\t\t\t\t\t<span class=\"elementor-screen-only\">Envelope<\/span>\n\t\t\t\t\t\t\t\t\t\t\t\t\t<i class=\"fa fa-envelope\"><\/i>\n\t\t\t\t\t\t\t\t\t\t\t<\/a>\n\t\t\t\t<\/div>\n\t\t\t\t\t<\/div>\n\t\t\t\t<\/div>\n\t\t\t\t<\/div>\n\t\t\t\t<div class=\"elementor-element elementor-element-6dbd9ca5 elementor-widget elementor-widget-text-editor\" data-id=\"6dbd9ca5\" data-element_type=\"widget\" data-widget_type=\"text-editor.default\">\n\t\t\t\t<div class=\"elementor-widget-container\">\n\t\t\t\t\t<div class=\"elementor-text-editor elementor-clearfix\"><p style=\"text-align: center;\"><strong>csolano@unex.es<\/strong><\/p><\/div>\n\t\t\t\t<\/div>\n\t\t\t\t<\/div>\n\t\t\t\t\t<\/div>\n\t\t<\/div>\n\t\t\t\t\t\t\t<\/div>\n\t\t<\/section>\n\t\t\t\t\t\t<\/div>\n\t\t\t\t\t<\/div>\n\t\t","protected":false},"excerpt":{"rendered":"<p>CARMEN SOLANO MAC\u00cdAS Profesora Titular CV Publicaciones Conferencias y cursos CV Profesora Titular en el \u00e1rea de Biblioteconom\u00eda y Documentaci\u00f3n, Departamento de Informaci\u00f3n y Comunicaci\u00f3n de la Universidad de Extremadura. Docencia en la Facultad de Ciencias de la Documentaci\u00f3n y la Comunicaci\u00f3n de la UEx desde el curso 1995\/96. Bibliotecaria-Documentalista (Junta de Extremadura. Servicio de [&hellip;]<\/p>\n","protected":false},"author":2,"featured_media":0,"parent":14,"menu_order":0,"comment_status":"closed","ping_status":"closed","template":"","meta":[],"_links":{"self":[{"href":"http:\/\/ardopa.unex.es\/wordpress\/wp-json\/wp\/v2\/pages\/718"}],"collection":[{"href":"http:\/\/ardopa.unex.es\/wordpress\/wp-json\/wp\/v2\/pages"}],"about":[{"href":"http:\/\/ardopa.unex.es\/wordpress\/wp-json\/wp\/v2\/types\/page"}],"author":[{"embeddable":true,"href":"http:\/\/ardopa.unex.es\/wordpress\/wp-json\/wp\/v2\/users\/2"}],"replies":[{"embeddable":true,"href":"http:\/\/ardopa.unex.es\/wordpress\/wp-json\/wp\/v2\/comments?post=718"}],"version-history":[{"count":20,"href":"http:\/\/ardopa.unex.es\/wordpress\/wp-json\/wp\/v2\/pages\/718\/revisions"}],"predecessor-version":[{"id":3078,"href":"http:\/\/ardopa.unex.es\/wordpress\/wp-json\/wp\/v2\/pages\/718\/revisions\/3078"}],"up":[{"embeddable":true,"href":"http:\/\/ardopa.unex.es\/wordpress\/wp-json\/wp\/v2\/pages\/14"}],"wp:attachment":[{"href":"http:\/\/ardopa.unex.es\/wordpress\/wp-json\/wp\/v2\/media?parent=718"}],"curies":[{"name":"wp","href":"https:\/\/api.w.org\/{rel}","templated":true}]}}